{"id":4155,"date":"2020-06-10T14:41:07","date_gmt":"2020-06-10T14:41:07","guid":{"rendered":"https:\/\/highschool.studyinireland.ie\/?page_id=4155"},"modified":"2021-08-26T13:31:39","modified_gmt":"2021-08-26T13:31:39","slug":"boarding-schools-both-5-and-7-days","status":"publish","type":"page","link":"https:\/\/highschool.studyinireland.ie\/de\/boarding-schools-both-5-and-7-days\/","title":{"rendered":"Internate - 5 und 7 Tage"},"content":{"rendered":"<div class=\"wpb-content-wrapper\"><div class=\"vc_row wpb_row vc_row-fluid\"><div class=\"wpb_column vc_column_container vc_col-sm-12\"><div class=\"vc_column-inner\"><div class=\"wpb_wrapper\">\n\t<div class=\"wpb_text_column wpb_content_element\" >\n\t\t<div class=\"wpb_wrapper\">\n\t\t\t<p style=\"text-align: justify;\">Viele Privatschulen bieten Internatsunterk\u00fcnfte an, die es ausl\u00e4ndischen Sch\u00fclern erm\u00f6glichen, in einer f\u00fcrsorglichen und unterst\u00fctzenden Umgebung zu leben in der es viele M\u00f6glichkeiten gibt, Freunde zu finden und an vielen Freizeitaktivit\u00e4ten teilzunehmen.<\/p>\n<p><a href=\"https:\/\/highschool.studyinireland.ie\/de\/unterkunftoption\/\">Mehr zum Thema<\/a><\/p>\n\n\t\t<\/div>\n\t<\/div>\n<\/div><\/div><\/div><\/div>\n<\/div>","protected":false},"excerpt":{"rendered":"Viele Privatschulen bieten Internatsunterk\u00fcnfte an, die es den Sch\u00fclern erm\u00f6glichen, in einer f\u00fcrsorglichen und unterst\u00fctzenden Umgebung zu leben, in der es viele M\u00f6glichkeiten gibt, Freundschaften zu schlie\u00dfen und an ...","protected":false},"author":1,"featured_media":5839,"parent":0,"menu_order":0,"comment_status":"closed","ping_status":"open","template":"","meta":{"_seopress_robots_primary_cat":"","_seopress_titles_title":"","_seopress_titles_desc":"","_seopress_robots_index":"yes","_seopress_analysis_target_kw":"","footnotes":""},"class_list":["post-4155","page","type-page","status-publish","has-post-thumbnail","hentry"],"_links":{"self":[{"href":"https:\/\/highschool.studyinireland.ie\/de\/wp-json\/wp\/v2\/pages\/4155","targetHints":{"allow":["GET"]}}],"collection":[{"href":"https:\/\/highschool.studyinireland.ie\/de\/wp-json\/wp\/v2\/pages"}],"about":[{"href":"https:\/\/highschool.studyinireland.ie\/de\/wp-json\/wp\/v2\/types\/page"}],"author":[{"embeddable":true,"href":"https:\/\/highschool.studyinireland.ie\/de\/wp-json\/wp\/v2\/users\/1"}],"replies":[{"embeddable":true,"href":"https:\/\/highschool.studyinireland.ie\/de\/wp-json\/wp\/v2\/comments?post=4155"}],"version-history":[{"count":4,"href":"https:\/\/highschool.studyinireland.ie\/de\/wp-json\/wp\/v2\/pages\/4155\/revisions"}],"predecessor-version":[{"id":4168,"href":"https:\/\/highschool.studyinireland.ie\/de\/wp-json\/wp\/v2\/pages\/4155\/revisions\/4168"}],"wp:featuredmedia":[{"embeddable":true,"href":"https:\/\/highschool.studyinireland.ie\/de\/wp-json\/wp\/v2\/media\/5839"}],"wp:attachment":[{"href":"https:\/\/highschool.studyinireland.ie\/de\/wp-json\/wp\/v2\/media?parent=4155"}],"curies":[{"name":"wp","href":"https:\/\/api.w.org\/{rel}","templated":true}]}}