{"id":4065,"date":"2020-06-09T13:48:11","date_gmt":"2020-06-09T13:48:11","guid":{"rendered":"https:\/\/highschool.studyinireland.ie\/?page_id=4065"},"modified":"2022-05-03T10:49:23","modified_gmt":"2022-05-03T10:49:23","slug":"por-que-elegir-el-programa-de-escuela-secundaria-de-isi-dublin","status":"publish","type":"page","link":"https:\/\/highschool.studyinireland.ie\/es\/why-isi-dublin-high-school-programme\/","title":{"rendered":"\u00bfPor qu\u00e9 elegir el programa de escuela secundaria de ISI Dubl\u00edn?"},"content":{"rendered":"<div class=\"wpb-content-wrapper\"><div class=\"vc_row wpb_row vc_row-fluid\"><div class=\"wpb_column vc_column_container vc_col-sm-12\"><div class=\"vc_column-inner\"><div class=\"wpb_wrapper\"><h1 style=\"text-align: left\" class=\"vc_custom_heading vc_do_custom_heading\" >\u00bfPor qu\u00e9 elegir el programa de escuela secundaria de ISI Dubl\u00edn?<\/h1>\n\t<div class=\"wpb_text_column wpb_content_element\" >\n\t\t<div class=\"wpb_wrapper\">\n\t\t\t<blockquote>\n<p style=\"text-align: justify;\">ISI Dublin es una empresa galardonada con m\u00e1s de 20 a\u00f1os de experiencia. Desde el lanzamiento de nuestro programa de escuela secundaria en 2001, nuestro objetivo siempre ha sido proporcionar el m\u00e1s alto nivel de tutela y cuidado para nuestros estudiantes.<\/p>\n<\/blockquote>\n\n\t\t<\/div>\n\t<\/div>\n\n\t<div class=\"wpb_text_column wpb_content_element\" >\n\t\t<div class=\"wpb_wrapper\">\n\t\t\t<p style=\"text-align: justify;\">Desde el lanzamiento de nuestro programa de escuela secundaria en 2001, nuestro objetivo siempre ha sido proporcionar el m\u00e1s alto nivel de tutela y cuidado para nuestros estudiantes. En 2016, nos convertimos en miembro fundador de la <a href=\"https:\/\/highschool.studyinireland.ie\/es\/tutela-en-la-que-puede-confiar\/\">Asociaci\u00f3n de Proveedores de Tutela en Irlanda (AGPI)<\/a>, porque creemos firmemente que los programas de estudios en el extranjero s\u00f3lo deben ser operados por organizaciones profesionales y reguladas.<\/p>\n<ul>\n<li style=\"text-align: justify;\">Una empresa galardonada que opera en Irlanda desde 2001.<\/li>\n<li style=\"text-align: justify;\" class=\"translation-block\">Miembro fundador de <a href=\"https:\/\/highschool.studyinireland.ie\/es\/tutela-en-la-que-puede-confiar\/\" target=\"_self\">AGPI<\/a>.<\/li>\n<li style=\"text-align: justify;\">Totalmente asegurado con Seguro de Responsabilidad Civil e Indemnizaci\u00f3n Profesional.<\/li>\n<li style=\"text-align: justify;\" class=\"translation-block\">Definir claramente y aplicar la <a href=\"https:\/\/highschool.studyinireland.ie\/es\/tutela-en-la-que-puede-confiar\/\" target=\"_self\">Pol\u00edtica de protecci\u00f3n de la infancia<\/a>.<\/li>\n<li style=\"text-align: justify;\">Plan de asistencia para cada alumno.<\/li>\n<li style=\"text-align: justify;\" class=\"translation-block\">Un <a href=\"https:\/\/highschool.studyinireland.ie\/es\/nuestro-equipo-2\/\" target=\"_self\">equipo dedicado<\/a> con una ratio personal\/alumno de al menos 1:30.<\/li>\n<li style=\"text-align: justify;\">Todo nuestro staff ha recibido capacitaci\u00f3n sobre protecci\u00f3n infantil, y todos los representantes de la empresa han sido examinados por la Garda (polic\u00eda)<\/li>\n<li style=\"text-align: justify;\" class=\"translation-block\">Todas nuestras <a href=\"https:\/\/highschool.studyinireland.ie\/es\/opciones-de-alojamiento\/\" target=\"_self\">familias de acogida<\/a> son inspeccionadas y cumplen los criterios de la ISI de Dubl\u00edn y han sido examinadas por la Garda (Polic\u00eda).<\/li>\n<li style=\"text-align: justify;\">Contamos con sistemas claramente definidos para el bienestar de los estudiantes, la asistencia de los docentes, el progreso acad\u00e9mico y la seguridad personal.<\/li>\n<li style=\"text-align: justify;\" class=\"translation-block\">Nuestro <a href=\"https:\/\/highschool.studyinireland.ie\/es\/nuestro-equipo-2\/\" target=\"_self\">equipo de secundaria<\/a> mantiene un contacto continuo con nuestros alumnos.<\/li>\n<li style=\"text-align: justify;\">Tambi\u00e9n brindamos asistencia 24\/7 a trav\u00e9s de un servicio telef\u00f3nico de emergencia<\/li>\n<\/ul>\n\n\t\t<\/div>\n\t<\/div>\n<\/div><\/div><\/div><\/div>\n<\/div>","protected":false},"excerpt":{"rendered":"\u00bfPor qu\u00e9 ISI Dubl\u00edn High School Programme? ISI Dubl\u00edn es una empresa galardonada con m\u00e1s de 18 a\u00f1os de experiencia. Desde el lanzamiento de nuestro programa de secundaria en 2001, nuestro objetivo siempre ha sido...","protected":false},"author":1,"featured_media":5859,"parent":0,"menu_order":0,"comment_status":"closed","ping_status":"open","template":"template-fullwidth.php","meta":{"_seopress_robots_primary_cat":"","_seopress_titles_title":"","_seopress_titles_desc":"","_seopress_robots_index":"yes","_seopress_analysis_target_kw":"","footnotes":""},"class_list":["post-4065","page","type-page","status-publish","has-post-thumbnail","hentry"],"_links":{"self":[{"href":"https:\/\/highschool.studyinireland.ie\/es\/wp-json\/wp\/v2\/pages\/4065","targetHints":{"allow":["GET"]}}],"collection":[{"href":"https:\/\/highschool.studyinireland.ie\/es\/wp-json\/wp\/v2\/pages"}],"about":[{"href":"https:\/\/highschool.studyinireland.ie\/es\/wp-json\/wp\/v2\/types\/page"}],"author":[{"embeddable":true,"href":"https:\/\/highschool.studyinireland.ie\/es\/wp-json\/wp\/v2\/users\/1"}],"replies":[{"embeddable":true,"href":"https:\/\/highschool.studyinireland.ie\/es\/wp-json\/wp\/v2\/comments?post=4065"}],"version-history":[{"count":28,"href":"https:\/\/highschool.studyinireland.ie\/es\/wp-json\/wp\/v2\/pages\/4065\/revisions"}],"predecessor-version":[{"id":11052,"href":"https:\/\/highschool.studyinireland.ie\/es\/wp-json\/wp\/v2\/pages\/4065\/revisions\/11052"}],"wp:featuredmedia":[{"embeddable":true,"href":"https:\/\/highschool.studyinireland.ie\/es\/wp-json\/wp\/v2\/media\/5859"}],"wp:attachment":[{"href":"https:\/\/highschool.studyinireland.ie\/es\/wp-json\/wp\/v2\/media?parent=4065"}],"curies":[{"name":"wp","href":"https:\/\/api.w.org\/{rel}","templated":true}]}}