{"id":4134,"date":"2020-06-10T13:49:50","date_gmt":"2020-06-10T13:49:50","guid":{"rendered":"https:\/\/highschool.studyinireland.ie\/?page_id=4134"},"modified":"2024-04-29T09:47:42","modified_gmt":"2024-04-29T09:47:42","slug":"que-esta-inluido","status":"publish","type":"page","link":"https:\/\/highschool.studyinireland.ie\/es\/whats-included\/","title":{"rendered":"\u00bfQu\u00e9 est\u00e1 incluido?"},"content":{"rendered":"<div class=\"wpb-content-wrapper\"><div class=\"vc_row wpb_row vc_row-fluid\"><div class=\"wpb_column vc_column_container vc_col-sm-12\"><div class=\"vc_column-inner\"><div class=\"wpb_wrapper\"><h1 style=\"text-align: left\" class=\"vc_custom_heading vc_do_custom_heading\" >\u00bfQu\u00e9 est\u00e1 incluido?<\/h1>\n\t<div class=\"wpb_text_column wpb_content_element\" >\n\t\t<div class=\"wpb_wrapper\">\n\t\t\t<blockquote>\n<p style=\"text-align: justify;\">ISI Dubl\u00edn brinda un servicio de ubicaci\u00f3n y tutela profesional y confiable, de acuerdo con los est\u00e1ndares AGPI.<\/p>\n<\/blockquote>\n\n\t\t<\/div>\n\t<\/div>\n\n\t<div class=\"wpb_text_column wpb_content_element\" >\n\t\t<div class=\"wpb_wrapper\">\n\t\t\t<p style=\"text-align: justify;\">Nuestro paquete incluye los siguientes servicios:<\/p>\n<ul>\n<li style=\"text-align: justify;\">Asistencia en la selecci\u00f3n de centro escolar (tenga en cuenta que no podemos garantizar su primera elecci\u00f3n de centro)<\/li>\n<li style=\"text-align: justify;\">Ubicaci\u00f3n en una escuela<\/li>\n<li style=\"text-align: justify;\">D\u00eda de orientaci\u00f3n a su llegada<\/li>\n<li style=\"text-align: justify;\">Solicitud escolar y \/ o matr\u00edcula o contribuci\u00f3n<\/li>\n<li style=\"text-align: justify;\">Alojamiento en r\u00e9gimen de pensi\u00f3n completa (familia de acogida o internado) - No durante las vacaciones de Navidad y A\u00f1o Nuevo.<\/li>\n<li style=\"text-align: justify;\">Tutela a cargo de un equipo dedicado, con un consejero individual designado<\/li>\n<li style=\"text-align: justify;\">Reuniones mensuales con el <a href=\"https:\/\/highschool.studyinireland.ie\/es\/nuestro-equipo-2\/\">personal de ISI Dublin<\/a> y el estudiante con informes escritos que se entregan cada trimestre.<\/li>\n<li style=\"text-align: justify;\">Contacto continuo con la familia anfitriona \/ pensi\u00f3n<\/li>\n<li style=\"text-align: justify;\">Tel\u00e9fono de emergencia los 24 horas \/ 7 d\u00edas a la semana<\/li>\n<li style=\"text-align: justify;\">\u00a0Llegada y salida final est\u00e1n incluidos y llegada y salida para Navidad<\/li>\n<li style=\"text-align: justify;\">\r\n\t<a class=\"paoc-popup-click paoc-popup-cust-4556 paoc-popup-simple_link paoc-popup-link\" href=\"javascript:void(0);\">Clases de ingl\u00e9s gratuitas (s\u00f3lo en Dubl\u00edn)<\/a>\r\n\r\n<\/li>\n<li style=\"text-align: justify;\">\n<div class=\"popupaoc-shortcode-preview\">\r\n\t<a class=\"paoc-popup-click paoc-popup-cust-4552 paoc-popup-simple_link paoc-popup-link\" href=\"javascript:void(0);\">Actos sociales, visitas y fiestas tem\u00e1ticas<\/a>\r\n\r\n<\/div>\n<\/li>\n<\/ul>\n\n\t\t<\/div>\n\t<\/div>\n<\/div><\/div><\/div><\/div>\n<\/div>","protected":false},"excerpt":{"rendered":"\u00bfQu\u00e9 incluye? ISI Dubl\u00edn ofrece un servicio de colocaci\u00f3n y tutela profesional y de confianza, conforme a las normas AGPI. Nuestro paquete incluye los siguientes servicios Asistencia en la selecci\u00f3n de la escuela (por favor ...","protected":false},"author":1,"featured_media":5860,"parent":0,"menu_order":0,"comment_status":"closed","ping_status":"open","template":"template-fullwidth.php","meta":{"_seopress_robots_primary_cat":"","_seopress_titles_title":"","_seopress_titles_desc":"","_seopress_robots_index":"yes","_seopress_analysis_target_kw":"","footnotes":""},"class_list":["post-4134","page","type-page","status-publish","has-post-thumbnail","hentry"],"_links":{"self":[{"href":"https:\/\/highschool.studyinireland.ie\/es\/wp-json\/wp\/v2\/pages\/4134","targetHints":{"allow":["GET"]}}],"collection":[{"href":"https:\/\/highschool.studyinireland.ie\/es\/wp-json\/wp\/v2\/pages"}],"about":[{"href":"https:\/\/highschool.studyinireland.ie\/es\/wp-json\/wp\/v2\/types\/page"}],"author":[{"embeddable":true,"href":"https:\/\/highschool.studyinireland.ie\/es\/wp-json\/wp\/v2\/users\/1"}],"replies":[{"embeddable":true,"href":"https:\/\/highschool.studyinireland.ie\/es\/wp-json\/wp\/v2\/comments?post=4134"}],"version-history":[{"count":17,"href":"https:\/\/highschool.studyinireland.ie\/es\/wp-json\/wp\/v2\/pages\/4134\/revisions"}],"predecessor-version":[{"id":18765,"href":"https:\/\/highschool.studyinireland.ie\/es\/wp-json\/wp\/v2\/pages\/4134\/revisions\/18765"}],"wp:featuredmedia":[{"embeddable":true,"href":"https:\/\/highschool.studyinireland.ie\/es\/wp-json\/wp\/v2\/media\/5860"}],"wp:attachment":[{"href":"https:\/\/highschool.studyinireland.ie\/es\/wp-json\/wp\/v2\/media?parent=4134"}],"curies":[{"name":"wp","href":"https:\/\/api.w.org\/{rel}","templated":true}]}}