{"id":4208,"date":"2020-06-11T13:16:21","date_gmt":"2020-06-11T13:16:21","guid":{"rendered":"https:\/\/highschool.studyinireland.ie\/?page_id=4208"},"modified":"2021-08-26T13:33:18","modified_gmt":"2021-08-26T13:33:18","slug":"curricula-escolar","status":"publish","type":"page","link":"https:\/\/highschool.studyinireland.ie\/es\/the-school-curriculum\/","title":{"rendered":"La Curr\u00edcula Escolar"},"content":{"rendered":"<div class=\"wpb-content-wrapper\"><div class=\"vc_row wpb_row vc_row-fluid\"><div class=\"wpb_column vc_column_container vc_col-sm-12\"><div class=\"vc_column-inner\"><div class=\"wpb_wrapper\"><h3 style=\"text-align: left\" class=\"vc_custom_heading vc_do_custom_heading\" >La Curr\u00edcula Escolar<\/h3>\n\t<div class=\"wpb_text_column wpb_content_element\" >\n\t\t<div class=\"wpb_wrapper\">\n\t\t\t<blockquote>\n<p style=\"text-align: justify;\" class=\"translation-block\">Los colegios de Irlanda siguen un plan de estudios establecido por el Ministerio de Educaci\u00f3n y Ciencia irland\u00e9s (<a href=\"http:\/\/www.education.ie\" target=\"_self\">www.education.ie<\/a>), de modo que, tanto en colegios privados como p\u00fablicos, todos los alumnos siguen los mismos cursos y se presentan a los mismos ex\u00e1menes estatales.<\/p>\n<\/blockquote>\n\n\t\t<\/div>\n\t<\/div>\n\n\t<div class=\"wpb_text_column wpb_content_element\" >\n\t\t<div class=\"wpb_wrapper\">\n\t\t\t<p style=\"text-align: justify;\">En el ciclo junior, los estudiantes suelen cursar un m\u00ednimo de 8 asignaturas acad\u00e9micas y en el nivel Leaving Certificate un m\u00ednimo de 6. Los estudiantes pueden cursar cada asignatura en un nivel superior o inferior. Por ejemplo, normalmente los estudiantes de nuestro programa de secundaria toman ingl\u00e9s de nivel inferior.<\/p>\n<p style=\"text-align: justify;\">Las materias que se toman con m\u00e1s frecuencia para el examen Leaving Certificate se indican en la siguiente tabla:<\/p>\n<table border=\"0\" width=\"100%\" cellspacing=\"0\" cellpadding=\"0\" align=\"center\">\n<tbody>\n<tr align=\"center\" valign=\"middle\">\n<td colspan=\"3\" align=\"left\" bgcolor=\"#98d5c6\" height=\"50\">\n<p style=\"color: #ffffff; font-weight: bold;\">Materias b\u00e1sicas  \u2013 obligatorias<\/p>\n<\/td>\n<\/tr>\n<tr>\n<td align=\"left\" valign=\"middle\" width=\"33%\" height=\"35\">Matem\u00e1ticas<\/td>\n<td align=\"left\" valign=\"middle\" width=\"33%\" height=\"35\">Ingl\u00e9s<\/td>\n<td align=\"left\" valign=\"middle\" width=\"33%\" height=\"0\">Irland\u00e9s*<\/td>\n<\/tr>\n<\/tbody>\n<\/table>\n<p style=\"text-align: justify;\">* El irland\u00e9s es el idioma original que se hablaba hace m\u00e1s de cien a\u00f1os. En la actualidad, todav\u00eda se habla en algunas zonas rurales y sigue siendo un idioma oficial que a menudo se escucha en la televisi\u00f3n, la radio y se ve en los carteles y documentos oficiales del gobierno.<\/p>\n<p style=\"text-align: justify;\">Los estudiantes extranjeros no est\u00e1n obligados a estudiar irland\u00e9s. Por lo general, los estudiantes extranjeros usan estos per\u00edodos como tiempo de estudio o pueden tomar una materia adicional o incluso lecciones de ingl\u00e9s adicionales, cuando est\u00e9n disponibles.<\/p>\n<table border=\"0\" width=\"100%\" cellspacing=\"0\" cellpadding=\"0\" align=\"center\">\n<tbody>\n<tr align=\"center\" valign=\"middle\">\n<td colspan=\"4\" align=\"left\" bgcolor=\"#98d5c6\" height=\"50\">\n<p style=\"color: #ffffff; font-weight: bold;\">Materias optativas: generalmente 1 idioma moderno y una opci\u00f3n de 4 + otras asignaturas<\/p>\n<\/td>\n<\/tr>\n<tr>\n<td width=\"25%\" height=\"30\">Franc\u00e9s<\/td>\n<td width=\"25%\" height=\"30\">Espa\u00f1ol<\/td>\n<td width=\"25%\" height=\"30\">Alem\u00e1n<\/td>\n<td width=\"25%\" height=\"30\">Italiano<\/td>\n<\/tr>\n<tr>\n<td height=\"30\">F\u00edsica<\/td>\n<td height=\"30\">Estudios Empresariales<\/td>\n<td height=\"30\">M\u00fasica<\/td>\n<td height=\"30\">Dise\u00f1o y Gr\u00e1ficos T\u00e9cnicos<\/td>\n<\/tr>\n<tr>\n<td height=\"30\">Qu\u00edmica<\/td>\n<td height=\"30\">Contabilidad<\/td>\n<td height=\"30\">Arte<\/td>\n<td height=\"30\">Ingenier\u00eda<\/td>\n<\/tr>\n<tr>\n<td height=\"30\">Biolog\u00eda<\/td>\n<td height=\"30\">Econom\u00eda<\/td>\n<td height=\"30\">Estudios Cl\u00e1sicos<\/td>\n<td height=\"30\">Estudios de la Construcci\u00f3n<\/td>\n<\/tr>\n<tr>\n<td height=\"30\">Ciencias Agr\u00edcolas<\/td>\n<td height=\"30\">Historia<\/td>\n<td height=\"30\">Econom\u00eda Dom\u00e9stica<\/td>\n<td height=\"30\">Tecnolog\u00eda<\/td>\n<\/tr>\n<tr>\n<td height=\"30\">Matem\u00e1tica Aplicada<\/td>\n<td height=\"30\">Geograf\u00eda<\/td>\n<td height=\"30\">Dibujo T\u00e9cnico<\/td>\n<td height=\"30\"><\/td>\n<\/tr>\n<\/tbody>\n<\/table>\n\n\t\t<\/div>\n\t<\/div>\n<\/div><\/div><\/div><\/div>\n<\/div>","protected":false},"excerpt":{"rendered":"El curr\u00edculo escolar Los colegios de Irlanda siguen un curr\u00edculo establecido por el Ministerio de Educaci\u00f3n y Ciencia irland\u00e9s (www.education.ie), por lo que, tanto en colegios privados como p\u00fablicos, todos los alumnos siguen ...","protected":false},"author":1,"featured_media":5858,"parent":0,"menu_order":0,"comment_status":"closed","ping_status":"closed","template":"template-fullwidth.php","meta":{"_seopress_robots_primary_cat":"","_seopress_titles_title":"","_seopress_titles_desc":"","_seopress_robots_index":"yes","_seopress_analysis_target_kw":"","footnotes":""},"class_list":["post-4208","page","type-page","status-publish","has-post-thumbnail","hentry"],"_links":{"self":[{"href":"https:\/\/highschool.studyinireland.ie\/es\/wp-json\/wp\/v2\/pages\/4208","targetHints":{"allow":["GET"]}}],"collection":[{"href":"https:\/\/highschool.studyinireland.ie\/es\/wp-json\/wp\/v2\/pages"}],"about":[{"href":"https:\/\/highschool.studyinireland.ie\/es\/wp-json\/wp\/v2\/types\/page"}],"author":[{"embeddable":true,"href":"https:\/\/highschool.studyinireland.ie\/es\/wp-json\/wp\/v2\/users\/1"}],"replies":[{"embeddable":true,"href":"https:\/\/highschool.studyinireland.ie\/es\/wp-json\/wp\/v2\/comments?post=4208"}],"version-history":[{"count":32,"href":"https:\/\/highschool.studyinireland.ie\/es\/wp-json\/wp\/v2\/pages\/4208\/revisions"}],"predecessor-version":[{"id":6539,"href":"https:\/\/highschool.studyinireland.ie\/es\/wp-json\/wp\/v2\/pages\/4208\/revisions\/6539"}],"wp:featuredmedia":[{"embeddable":true,"href":"https:\/\/highschool.studyinireland.ie\/es\/wp-json\/wp\/v2\/media\/5858"}],"wp:attachment":[{"href":"https:\/\/highschool.studyinireland.ie\/es\/wp-json\/wp\/v2\/media?parent=4208"}],"curies":[{"name":"wp","href":"https:\/\/api.w.org\/{rel}","templated":true}]}}