{"id":4397,"date":"2020-06-15T13:14:27","date_gmt":"2020-06-15T13:14:27","guid":{"rendered":"https:\/\/highschool.studyinireland.ie\/?page_id=4397"},"modified":"2023-11-24T10:16:47","modified_gmt":"2023-11-24T10:16:47","slug":"proceso-de-solicitud","status":"publish","type":"page","link":"https:\/\/highschool.studyinireland.ie\/es\/application-process\/","title":{"rendered":"Proceso de solicitud"},"content":{"rendered":"<div class=\"wpb-content-wrapper\"><div class=\"vc_row wpb_row vc_row-fluid\"><div class=\"wpb_column vc_column_container vc_col-sm-12\"><div class=\"vc_column-inner\"><div class=\"wpb_wrapper\"><h1 style=\"text-align: left\" class=\"vc_custom_heading vc_do_custom_heading\" >Proceso de solicitud<\/h1><h3 style=\"text-align: left\" class=\"vc_custom_heading vc_do_custom_heading\" >Paso 1<\/h3>\n\t<div class=\"wpb_text_column wpb_content_element\" >\n\t\t<div class=\"wpb_wrapper\">\n\t\t\t<p style=\"text-align: justify;\" class=\"translation-block\">Los padres o representantes rellenan el <a href=\"https:\/\/highschool.studyinireland.ie\/es\/preliminary-enquiry\/\" target=\"_self\">Formulario de consulta preliminar<\/a> o env\u00edan una consulta por correo electr\u00f3nico a nuestra oficina con un breve perfil del estudiante que incluya su nombre, edad, fecha de nacimiento, intereses (aficiones, deportes y asignaturas que le gustan) y el tipo de colegio que le gustar\u00eda, por ejemplo, estatal o privado, mixto o de un solo sexo, Dubl\u00edn o en el campo, etc.<\/p>\n\n\t\t<\/div>\n\t<\/div>\n<h3 style=\"text-align: left\" class=\"vc_custom_heading vc_do_custom_heading\" >Paso 2<\/h3>\n\t<div class=\"wpb_text_column wpb_content_element\" >\n\t\t<div class=\"wpb_wrapper\">\n\t\t\t<p style=\"text-align: justify;\">Basado en esta informaci\u00f3n, ISI Dubl\u00edn sugerir\u00e1 1-2 escuelas adecuadas, o los estudiantes y sus padres seleccionar\u00e1n sus escuelas preferidas de nuestro folleto. Los estudiantes pueden darnos tantas preferencias como deseen. Si bien generalmente aseguramos un lugar en una de las escuelas preferidas, no podemos garantizarlo.<\/p>\n\n\t\t<\/div>\n\t<\/div>\n<h3 style=\"text-align: left\" class=\"vc_custom_heading vc_do_custom_heading\" >Paso 3<\/h3>\n\t<div class=\"wpb_text_column wpb_content_element\" >\n\t\t<div class=\"wpb_wrapper\">\n\t\t\t<p style=\"text-align: justify;\">Una vez que los padres, el estudiante (y \/ o el agente) est\u00e9n satisfechos con estas opciones y deseen continuar, solicitaremos una solicitud completa. Esto debe incluir:<\/p>\n<ul>\n<li>Formulario de solicitud ISI completo, Partes 1 a 7<\/li>\n<li>2 fotos estilo pasaporte<\/li>\n<li>Copia de la tarjeta sanitaria europea, EHIC, (estudiantes del EEE) o seguro m\u00e9dico privado (estudiantes que no pertenecen al EEE)<\/li>\n<li>Copia del pasaporte del estudiante<\/li>\n<li>Informes escolares recientes (2 a\u00f1os) - copia original y una copia traducida al ingl\u00e9s<\/li>\n<\/ul>\n\n\t\t<\/div>\n\t<\/div>\n<h3 style=\"text-align: left\" class=\"vc_custom_heading vc_do_custom_heading\" >Confirmaci\u00f3n del Lugar<\/h3>\n\t<div class=\"wpb_text_column wpb_content_element\" >\n\t\t<div class=\"wpb_wrapper\">\n\t\t\t<p style=\"text-align: justify;\">Las plazas se confirmar\u00e1n al 100% despu\u00e9s de las vacaciones de Semana Santa del a\u00f1o anterior a su arribo. Por lo tanto, si un estudiante ha solicitado comenzar en el primer trimestre, su lugar ser\u00e1 confirmado al 100% en las semanas posteriores a las vacaciones de Pascua, aproximadamente 8-12 semanas antes de su arribo. Si la solicitud se recibe despu\u00e9s de Semana Santa, las plazas se confirmar\u00e1n lo antes posible pero este proceso puede tardar de 3 a 4 semanas. ISI podr\u00e1 avisar a las solicitudes tard\u00edas de un plazo razonable para la confirmaci\u00f3n. Las solicitudes para los lugares de los trimestres 2 y 3 deben realizarse con 4 a 6 semanas de anticipaci\u00f3n y las ubicaciones se confirmar\u00e1n lo antes posible.<\/p>\n\n\t\t<\/div>\n\t<\/div>\n<h3 style=\"text-align: left\" class=\"vc_custom_heading vc_do_custom_heading\" >Facturaci\u00f3n y Pago<\/h3>\n\t<div class=\"wpb_text_column wpb_content_element\" >\n\t\t<div class=\"wpb_wrapper\">\n\t\t\t<p style=\"text-align: justify;\">Una vez que se haya confirmado un lugar, le enviaremos una factura por las tarifas completas del programa. Estos deben pagarse en su totalidad por adelantado y un m\u00ednimo de 4 semanas antes del arribo. Algunas escuelas privadas requerir\u00e1n un pago de dep\u00f3sito antes de que se pueda confirmar un lugar, ISI informar\u00e1 a los solicitantes de esto individualmente. Los solicitantes de fuera de la UE que necesiten solicitar una visa deber\u00e1n pagar el total al recibir la factura para que los documentos de confirmaci\u00f3n se puedan emitir por adelantado. Todas las solicitudes directas (no agentes) deben pagar un dep\u00f3sito del 50% por la confirmaci\u00f3n de un lugar. Las solicitudes a trav\u00e9s de una agencia requieren un dep\u00f3sito del 10%.<\/p>\n\n\t\t<\/div>\n\t<\/div>\n<h3 style=\"text-align: left\" class=\"vc_custom_heading vc_do_custom_heading\" >Documentos de confirmaci\u00f3n y arribo<\/h3>\n\t<div class=\"wpb_text_column wpb_content_element\" >\n\t\t<div class=\"wpb_wrapper\">\n\t\t\t<p style=\"text-align: justify;\">Una vez que se haya pagado el monto en su totalidad, ISI enviar\u00e1 la confirmaci\u00f3n de la documentaci\u00f3n final 4 semanas antes del arribo. Esto incluir\u00e1 detalles de la familia anfitriona y transferencias, as\u00ed como una gu\u00eda para el estudiante y los padres. Esto solo se enviar\u00e1 despu\u00e9s de recibir los detalles del vuelo.<\/p>\n\n\t\t<\/div>\n\t<\/div>\n<\/div><\/div><\/div><\/div>\n<\/div>","protected":false},"excerpt":{"rendered":"Proceso de solicitudPaso 1 Los padres o representantes rellenan el formulario de solicitud preliminar o env\u00edan una solicitud por correo electr\u00f3nico a nuestra oficina con un breve perfil del estudiante que incluya su nombre, ...","protected":false},"author":1,"featured_media":18147,"parent":0,"menu_order":0,"comment_status":"closed","ping_status":"closed","template":"template-fullwidth.php","meta":{"_seopress_robots_primary_cat":"","_seopress_titles_title":"%%sitetitle%% %%sep%% %%post_title%%","_seopress_titles_desc":"As part of an International exchange programme the parent completes the Preliminary Enquiry Form or sends an email enquiry to our office.","_seopress_robots_index":"yes","_seopress_analysis_target_kw":"High School in Ireland,International exchange programme,CONFIRMATION &amp; ARRIVAL DOCUMENTS","footnotes":""},"class_list":["post-4397","page","type-page","status-publish","has-post-thumbnail","hentry"],"_links":{"self":[{"href":"https:\/\/highschool.studyinireland.ie\/es\/wp-json\/wp\/v2\/pages\/4397","targetHints":{"allow":["GET"]}}],"collection":[{"href":"https:\/\/highschool.studyinireland.ie\/es\/wp-json\/wp\/v2\/pages"}],"about":[{"href":"https:\/\/highschool.studyinireland.ie\/es\/wp-json\/wp\/v2\/types\/page"}],"author":[{"embeddable":true,"href":"https:\/\/highschool.studyinireland.ie\/es\/wp-json\/wp\/v2\/users\/1"}],"replies":[{"embeddable":true,"href":"https:\/\/highschool.studyinireland.ie\/es\/wp-json\/wp\/v2\/comments?post=4397"}],"version-history":[{"count":21,"href":"https:\/\/highschool.studyinireland.ie\/es\/wp-json\/wp\/v2\/pages\/4397\/revisions"}],"predecessor-version":[{"id":18288,"href":"https:\/\/highschool.studyinireland.ie\/es\/wp-json\/wp\/v2\/pages\/4397\/revisions\/18288"}],"wp:featuredmedia":[{"embeddable":true,"href":"https:\/\/highschool.studyinireland.ie\/es\/wp-json\/wp\/v2\/media\/18147"}],"wp:attachment":[{"href":"https:\/\/highschool.studyinireland.ie\/es\/wp-json\/wp\/v2\/media?parent=4397"}],"curies":[{"name":"wp","href":"https:\/\/api.w.org\/{rel}","templated":true}]}}