{"id":4545,"date":"2020-06-17T09:31:28","date_gmt":"2020-06-17T09:31:28","guid":{"rendered":"https:\/\/highschool.studyinireland.ie\/?page_id=4545"},"modified":"2025-06-09T16:09:48","modified_gmt":"2025-06-09T16:09:48","slug":"nuestro-equipo-2","status":"publish","type":"page","link":"https:\/\/highschool.studyinireland.ie\/es\/our-team\/","title":{"rendered":"Nuestro Equipo"},"content":{"rendered":"<div class=\"wpb-content-wrapper\"><div class=\"vc_row wpb_row vc_row-fluid\"><div class=\"wpb_column vc_column_container vc_col-sm-12\"><div class=\"vc_column-inner\"><div class=\"wpb_wrapper\"><h1 style=\"text-align: left\" class=\"vc_custom_heading vc_do_custom_heading\" >Nuestro Equipo<\/h1>\n\t<div class=\"wpb_text_column wpb_content_element\" >\n\t\t<div class=\"wpb_wrapper\">\n\t\t\t<blockquote>\n<p style=\"text-align: justify;\">Conoce al equipo de ISI Dublin HIgh School Programme. Hemos ganado el prestigioso premio Study Travel English Language School Europe en cuatro ocasiones: 2014, 2016, 2018 y 2020\/21. Como equipo nos dedicamos a ser los mejores en todo lo que hacemos.<\/p>\n<\/blockquote>\n\n\t\t<\/div>\n\t<\/div>\n<\/div><\/div><\/div><\/div><div class=\"vc_row wpb_row vc_row-fluid\"><div class=\"wpb_column vc_column_container vc_col-sm-3\"><div class=\"vc_column-inner\"><div class=\"wpb_wrapper\">\n\t<div  class=\"wpb_single_image wpb_content_element vc_align_center wpb_content_element\">\n\t\t\n\t\t<figure class=\"wpb_wrapper vc_figure\">\n\t\t\t<div class=\"vc_single_image-wrapper   vc_box_border_grey\"><img decoding=\"async\" class=\"vc_single_image-img\" src=\"https:\/\/highschool.studyinireland.ie\/wp-content\/uploads\/Artboard-7-1-300x300.png\" width=\"300\" height=\"300\" alt=\"Tablero 7\" title=\"Tablero 7\" loading=\"lazy\" \/><\/div>\n\t\t<\/figure>\n\t<\/div>\n<\/div><\/div><\/div><div class=\"wpb_column vc_column_container vc_col-sm-9\"><div class=\"vc_column-inner\"><div class=\"wpb_wrapper\"><h6 style=\"text-align: left\" class=\"vc_custom_heading vc_do_custom_heading\" >Jennifer D\u00edaz Green<\/h6>\n\t<div class=\"wpb_text_column wpb_content_element\" >\n\t\t<div class=\"wpb_wrapper\">\n\t\t\t<p style=\"text-align: justify;\">Jen Diaz Green lleva m\u00e1s de 20 a\u00f1os dedicada a la ense\u00f1anza de ingl\u00e9s como lengua extranjera, tanto en Argentina como en Irlanda. Es licenciada en Filolog\u00eda Inglesa por Argentina y tiene un m\u00e1ster en Educaci\u00f3n por el Trinity College de Dubl\u00edn. Ha sido profesora de ingl\u00e9s como lengua extranjera, directora acad\u00e9mica, formadora de profesores y, m\u00e1s recientemente, directora de escuela. Est\u00e1 a cargo de las normas de calidad, la eficacia operativa y el liderazgo en la empresa. Lo que m\u00e1s le gusta de su trabajo es el trabajo en equipo, las relaciones humanas y el bienestar. En su tiempo libre, Jen es una ocupada madre de dos hijos a la que le encanta la comida vegetariana y el yoga.<\/p>\n\n\t\t<\/div>\n\t<\/div>\n<\/div><\/div><\/div><\/div><div class=\"vc_row wpb_row vc_row-fluid\"><div class=\"wpb_column vc_column_container vc_col-sm-3\"><div class=\"vc_column-inner\"><div class=\"wpb_wrapper\">\n\t<div  class=\"wpb_single_image wpb_content_element vc_align_center wpb_content_element\">\n\t\t\n\t\t<figure class=\"wpb_wrapper vc_figure\">\n\t\t\t<div class=\"vc_single_image-wrapper   vc_box_border_grey\"><img decoding=\"async\" class=\"vc_single_image-img\" src=\"https:\/\/highschool.studyinireland.ie\/wp-content\/uploads\/Profile-sarah-300x300.png\" width=\"300\" height=\"300\" alt=\"Perfil-sarah\" title=\"Perfil-sarah\" loading=\"lazy\" \/><\/div>\n\t\t<\/figure>\n\t<\/div>\n<\/div><\/div><\/div><div class=\"wpb_column vc_column_container vc_col-sm-9\"><div class=\"vc_column-inner\"><div class=\"wpb_wrapper\"><h6 style=\"text-align: left\" class=\"vc_custom_heading vc_do_custom_heading\" >Sarah McGovern<\/h6>\n\t<div class=\"wpb_text_column wpb_content_element\" >\n\t\t<div class=\"wpb_wrapper\">\n\t\t\t<p style=\"text-align: justify;\">Sarah trabaja en ISI desde 2016. Antes de eso, estudi\u00f3 Lenguas Aplicadas y Estudios de Traducci\u00f3n en la Dublin City University. Estudi\u00f3 durante un a\u00f1o en la universidad en Francia y luego pas\u00f3 un a\u00f1o ense\u00f1ando ingl\u00e9s en un instituto all\u00ed. El pa\u00eds galo siempre tendr\u00e1 un lugar especial en su coraz\u00f3n, \u00a1y no solo por la comida y el vino! A continuaci\u00f3n, Sarah se traslad\u00f3 a Vancouver (Canad\u00e1), donde pas\u00f3 dos a\u00f1os trabajando y explorando. Viajar es una parte importante de la vida de Sarah, y se considera muy afortunada de haber viajado mucho por Europa, Asia y Norteam\u00e9rica. Sarah est\u00e1 casada con Jay y tiene una ni\u00f1a a la que le encanta hacer todo tipo de travesuras y mantener ocupados a sus padres. Lo que m\u00e1s le gusta de su trabajo es conocer gente nueva y abrazar nuevas culturas.<\/p>\n\n\t\t<\/div>\n\t<\/div>\n<\/div><\/div><\/div><\/div><div class=\"vc_row wpb_row vc_row-fluid\"><div class=\"wpb_column vc_column_container vc_col-sm-3\"><div class=\"vc_column-inner\"><div class=\"wpb_wrapper\">\n\t<div  class=\"wpb_single_image wpb_content_element vc_align_center wpb_content_element\">\n\t\t\n\t\t<figure class=\"wpb_wrapper vc_figure\">\n\t\t\t<div class=\"vc_single_image-wrapper   vc_box_border_grey\"><img decoding=\"async\" class=\"vc_single_image-img\" src=\"https:\/\/highschool.studyinireland.ie\/wp-content\/uploads\/Artboard-19-300x300.png\" width=\"300\" height=\"300\" alt=\"Tablero-19\" title=\"Tablero-19\" loading=\"lazy\" \/><\/div>\n\t\t<\/figure>\n\t<\/div>\n<\/div><\/div><\/div><div class=\"wpb_column vc_column_container vc_col-sm-9\"><div class=\"vc_column-inner\"><div class=\"wpb_wrapper\"><h6 style=\"text-align: left\" class=\"vc_custom_heading vc_do_custom_heading\" >Michelle Barry Cashman<\/h6>\n\t<div class=\"wpb_text_column wpb_content_element\" >\n\t\t<div class=\"wpb_wrapper\">\n\t\t\t<p style=\"text-align: justify;\">Michelle se uni\u00f3 a ISI en 2021 como Coordinadora de Secundaria, su experiencia es en gesti\u00f3n de personas, formaci\u00f3n, coaching y mentoring. Est\u00e1 casada con Robert y tiene dos hijas adolescentes, Eliza y Florence, adem\u00e1s del perro \"Sid\". Ha trabajado en varios puestos a lo largo de los a\u00f1os y en 2012 cre\u00f3 un centro comunitario de recursos para padres e hijos, que tuvo un gran \u00e9xito hasta que fue v\u00edctima de la covida en 2020. Ha viajado mucho y entiende los retos a los que se enfrentan los j\u00f3venes estudiantes cuando llegan a un nuevo pa\u00eds por primera vez, ya que dej\u00f3 su hogar para trabajar en el extranjero a una edad temprana. Su objetivo es garantizar que los estudiantes de ISI disfruten de la mejor experiencia posible durante su estancia en Irlanda.<\/p>\n\n\t\t<\/div>\n\t<\/div>\n<\/div><\/div><\/div><\/div>\n<\/div>","protected":false},"excerpt":{"rendered":"Nuestro equipo Conoce al equipo de ISI Dublin HIgh School Programme. Hemos ganado el prestigioso Study Travel English Language School Europe Award cuatro veces - 2014, 2016, 2018 y 2020\/21. ...","protected":false},"author":1,"featured_media":5853,"parent":0,"menu_order":0,"comment_status":"closed","ping_status":"closed","template":"template-fullwidth.php","meta":{"_seopress_robots_primary_cat":"","_seopress_titles_title":"","_seopress_titles_desc":"","_seopress_robots_index":"yes","footnotes":""},"class_list":["post-4545","page","type-page","status-publish","has-post-thumbnail","hentry"],"_links":{"self":[{"href":"https:\/\/highschool.studyinireland.ie\/es\/wp-json\/wp\/v2\/pages\/4545","targetHints":{"allow":["GET"]}}],"collection":[{"href":"https:\/\/highschool.studyinireland.ie\/es\/wp-json\/wp\/v2\/pages"}],"about":[{"href":"https:\/\/highschool.studyinireland.ie\/es\/wp-json\/wp\/v2\/types\/page"}],"author":[{"embeddable":true,"href":"https:\/\/highschool.studyinireland.ie\/es\/wp-json\/wp\/v2\/users\/1"}],"replies":[{"embeddable":true,"href":"https:\/\/highschool.studyinireland.ie\/es\/wp-json\/wp\/v2\/comments?post=4545"}],"version-history":[{"count":54,"href":"https:\/\/highschool.studyinireland.ie\/es\/wp-json\/wp\/v2\/pages\/4545\/revisions"}],"predecessor-version":[{"id":19525,"href":"https:\/\/highschool.studyinireland.ie\/es\/wp-json\/wp\/v2\/pages\/4545\/revisions\/19525"}],"wp:featuredmedia":[{"embeddable":true,"href":"https:\/\/highschool.studyinireland.ie\/es\/wp-json\/wp\/v2\/media\/5853"}],"wp:attachment":[{"href":"https:\/\/highschool.studyinireland.ie\/es\/wp-json\/wp\/v2\/media?parent=4545"}],"curies":[{"name":"wp","href":"https:\/\/api.w.org\/{rel}","templated":true}]}}