{"id":1329,"date":"2016-02-12T07:54:41","date_gmt":"2016-02-12T07:54:41","guid":{"rendered":"http:\/\/demos.famethemes.com\/onepress-plus\/?page_id=4"},"modified":"2024-07-04T11:59:48","modified_gmt":"2024-07-04T11:59:48","slug":"home-2","status":"publish","type":"page","link":"https:\/\/highschool.studyinireland.ie\/fr\/","title":{"rendered":"Lyc\u00e9e en Irlande"},"content":{"rendered":"<div class=\"wpb-content-wrapper\"><div class=\"vc_row wpb_row vc_row-fluid\"><div class=\"wpb_column vc_column_container vc_col-sm-12\"><div class=\"vc_column-inner\"><div class=\"wpb_wrapper\">\n\t<div class=\"wpb_text_column wpb_content_element\" >\n\t\t<div class=\"wpb_wrapper\">\n\t\t\t<h3>Programme de tutelle Irlande<\/h3>\n<h3>Programme pour adolescents Irlande<\/h3>\n<h3>Programme d'\u00e9change d'adolescents<\/h3>\n<h3>\u00c9coles en Irlande<\/h3>\n<h3>Programme d'\u00e9change scolaire<\/h3>\n<h3>\u00c9coles secondaires \u00e0 Dublin<\/h3>\n<h3>Programme d'\u00e9change international<\/h3>\n<h3>\u00c9tudiants en \u00e9change Dublin<\/h3>\n<h3>\u00c9tudiants en \u00e9change Irlande<\/h3>\n<h3>\u00c9tudier en Irlande<\/h3>\n<h3>Partenariats scolaires<\/h3>\n<h3>L'\u00e9cole secondaire en Irlande<\/h3>\n<h3>Programme d'\u00e9change de lyc\u00e9ens<\/h3>\n<h3>Services de placement et de tutelle<\/h3>\n\n\t\t<\/div>\n\t<\/div>\n<h1 style=\"text-align: left;font-family:Abril Fatface;font-weight:400;font-style:normal\" class=\"vc_custom_heading vc_do_custom_heading\" >Lyc\u00e9e \u00e0 Dublin<\/h1><h2 style=\"text-align: left;font-family:Abril Fatface;font-weight:400;font-style:normal\" class=\"vc_custom_heading vc_do_custom_heading\" >Lyc\u00e9e en Irlande<\/h2><\/div><\/div><\/div><\/div><div class=\"vc_row wpb_row vc_row-fluid\"><div class=\"wpb_column vc_column_container vc_col-sm-12\"><div class=\"vc_column-inner\"><div class=\"wpb_wrapper\">\n\t<div class=\"wpb_text_column wpb_content_element\" >\n\t\t<div class=\"wpb_wrapper\">\n\t\t\t<h2>Lyc\u00e9e en Irlande<\/h2>\n\n\t\t<\/div>\n\t<\/div>\n\n\t<div class=\"wpb_text_column wpb_content_element\" >\n\t\t<div class=\"wpb_wrapper\">\n\t\t\t<h1>Lyc\u00e9e \u00e0 Dublin<\/h1>\n\n\t\t<\/div>\n\t<\/div>\n<\/div><\/div><\/div><\/div>\n<\/div>","protected":false},"excerpt":{"rendered":"Programme de tutelle Irlande Programme pour adolescents Irlande Programme d'\u00e9change d'adolescents \u00c9coles en Irlande Programme d'\u00e9change scolaire \u00c9coles secondaires \u00e0 Dublin Programme d'\u00e9change international \u00c9tudiants \u00e0 Dublin \u00c9tudiants \u00e0 Dublin \u00c9tudiants \u00e0 Dublin \u00c9tudiants \u00e0 Dublin \u00c9tudiants \u00e0 Dublin \u00c9tudiants \u00e0 Dublin \u00c9tudiants \u00e0 Dublin \u00c9tudier en Irlande ...","protected":false},"author":1,"featured_media":6530,"parent":0,"menu_order":0,"comment_status":"closed","ping_status":"closed","template":"template-frontpage.php","meta":{"_seopress_robots_primary_cat":"","_seopress_titles_title":"High School in Ireland %%sep%% Placement and guardianship service","_seopress_titles_desc":"We offer placement and guardianship services to overseas students in a large number of both private and public schools in Dublin and throughout Ireland.","_seopress_robots_index":"","footnotes":""},"class_list":["post-1329","page","type-page","status-publish","has-post-thumbnail","hentry"],"_links":{"self":[{"href":"https:\/\/highschool.studyinireland.ie\/fr\/wp-json\/wp\/v2\/pages\/1329","targetHints":{"allow":["GET"]}}],"collection":[{"href":"https:\/\/highschool.studyinireland.ie\/fr\/wp-json\/wp\/v2\/pages"}],"about":[{"href":"https:\/\/highschool.studyinireland.ie\/fr\/wp-json\/wp\/v2\/types\/page"}],"author":[{"embeddable":true,"href":"https:\/\/highschool.studyinireland.ie\/fr\/wp-json\/wp\/v2\/users\/1"}],"replies":[{"embeddable":true,"href":"https:\/\/highschool.studyinireland.ie\/fr\/wp-json\/wp\/v2\/comments?post=1329"}],"version-history":[{"count":20,"href":"https:\/\/highschool.studyinireland.ie\/fr\/wp-json\/wp\/v2\/pages\/1329\/revisions"}],"predecessor-version":[{"id":18958,"href":"https:\/\/highschool.studyinireland.ie\/fr\/wp-json\/wp\/v2\/pages\/1329\/revisions\/18958"}],"wp:featuredmedia":[{"embeddable":true,"href":"https:\/\/highschool.studyinireland.ie\/fr\/wp-json\/wp\/v2\/media\/6530"}],"wp:attachment":[{"href":"https:\/\/highschool.studyinireland.ie\/fr\/wp-json\/wp\/v2\/media?parent=1329"}],"curies":[{"name":"wp","href":"https:\/\/api.w.org\/{rel}","templated":true}]}}