{"id":19250,"date":"2024-11-12T10:33:23","date_gmt":"2024-11-12T10:33:23","guid":{"rendered":"https:\/\/highschool.studyinireland.ie\/?page_id=19250"},"modified":"2024-11-12T10:33:58","modified_gmt":"2024-11-12T10:33:58","slug":"faqs","status":"publish","type":"page","link":"https:\/\/highschool.studyinireland.ie\/fr\/faqs\/","title":{"rendered":"FAQ"},"content":{"rendered":"<div class=\"wpb-content-wrapper\"><div class=\"vc_row wpb_row vc_row-fluid\"><div class=\"wpb_column vc_column_container vc_col-sm-12\"><div class=\"vc_column-inner\"><div class=\"wpb_wrapper\"><h1 style=\"text-align: left\" class=\"vc_custom_heading vc_do_custom_heading\" >FAQ<\/h1>            <div class=\"qae-faqs-container qae-faqs-toggle-container\">\n\t\t\t\t<h3 class=\"qe-faqs-group-title\">G\u00e9n\u00e9ral<\/h3>\t\t<div id=\"qaef-19257\" class=\"qe-faq-toggle general\">\n\t\t\t<div class=\"qe-toggle-title\">\n\t\t\t\t<h4>\n\t\t\t\t\t<i class=\"fa fa-minus-circle\"><\/i> Quand recevrai-je toutes les informations dont j'ai besoin pour mon s\u00e9jour ?\t\t\t\t<\/h4>\n\t\t\t<\/div>\n\t\t\t<div class=\"qe-toggle-content\">\n\t\t\t\t<p>L'orientation est propos\u00e9e \u00e0 tous les \u00e9tudiants un jour peu apr\u00e8s leur arriv\u00e9e, au cours duquel vous rencontrerez d'autres \u00e9tudiants de l'ISI et recevrez des informations sur le programme, l'\u00e9cole, les transports en commun et pourrez poser toutes vos questions. Ce jour-l\u00e0, vous rencontrerez le coordinateur qui vous a \u00e9t\u00e9 attribu\u00e9 et avec lequel vous aurez un contact hebdomadaire.<\/p>\n\t\t\t<\/div>\n\t\t<\/div>\n\t\t\t\t<div id=\"qaef-19233\" class=\"qe-faq-toggle general\">\n\t\t\t<div class=\"qe-toggle-title\">\n\t\t\t\t<h4>\n\t\t\t\t\t<i class=\"fa fa-minus-circle\"><\/i> Quand saurai-je dans quelle \u00e9cole j'ai \u00e9t\u00e9 accept\u00e9 ?\t\t\t\t<\/h4>\n\t\t\t<\/div>\n\t\t\t<div class=\"qe-toggle-content\">\n\t\t\t\t<p>Cela peut varier en fonction des places disponibles dans l'\u00e9cole au moment de la demande. Certains \u00e9tudiants re\u00e7oivent une confirmation imm\u00e9diatement, tandis que d'autres doivent attendre d'\u00eatre sur le point de voyager. Nous nous effor\u00e7ons d'envoyer votre confirmation trois semaines avant votre arriv\u00e9e. Veuillez noter que les places dans les \u00e9coles sont hors de notre contr\u00f4le. Plus t\u00f4t vous vous inscrivez au programme, plus vous avez de chances d'obtenir la place dans l'\u00e9cole de votre choix.<\/p>\n\t\t\t<\/div>\n\t\t<\/div>\n\t\t\t\t<div id=\"qaef-19230\" class=\"qe-faq-toggle general\">\n\t\t\t<div class=\"qe-toggle-title\">\n\t\t\t\t<h4>\n\t\t\t\t\t<i class=\"fa fa-minus-circle\"><\/i> Quand recevrai-je les coordonn\u00e9es de ma famille d'accueil ?\t\t\t\t<\/h4>\n\t\t\t<\/div>\n\t\t\t<div class=\"qe-toggle-content\">\n\t\t\t\t<p>Nous enverrons \u00e0 la famille d'accueil les d\u00e9tails de la confirmation 2 \u00e0 3 semaines avant votre arriv\u00e9e en Irlande.<\/p>\n\t\t\t<\/div>\n\t\t<\/div>\n\t\t\t\t<div id=\"qaef-19229\" class=\"qe-faq-toggle general\">\n\t\t\t<div class=\"qe-toggle-title\">\n\t\t\t\t<h4>\n\t\t\t\t\t<i class=\"fa fa-minus-circle\"><\/i> Dois-je acheter mon uniforme scolaire \u00e0 l'avance ?\t\t\t\t<\/h4>\n\t\t\t<\/div>\n\t\t\t<div class=\"qe-toggle-content\">\n\t\t\t\t<p>D\u00e8s que vous aurez re\u00e7u la confirmation de votre inscription \u00e0 l'\u00e9cole, vous pourrez acheter votre uniforme scolaire. Vous pouvez le commander en ligne et le faire livrer \u00e0 ISI Dublin pour le r\u00e9cup\u00e9rer \u00e0 votre arriv\u00e9e. C'est ce que nous vous recommandons. Si vous pr\u00e9f\u00e9rez attendre et commander l'uniforme \u00e0 votre arriv\u00e9e en Irlande, il n'y a pas de probl\u00e8me.<\/p>\n\t\t\t<\/div>\n\t\t<\/div>\n\t\t\t\t<div id=\"qaef-19228\" class=\"qe-faq-toggle general\">\n\t\t\t<div class=\"qe-toggle-title\">\n\t\t\t\t<h4>\n\t\t\t\t\t<i class=\"fa fa-minus-circle\"><\/i> Puis-je acheter mes manuels scolaires \u00e0 l'avance ?\t\t\t\t<\/h4>\n\t\t\t<\/div>\n\t\t\t<div class=\"qe-toggle-content\">\n\t\t\t\t<p>M\u00eame r\u00e9ponse que la question sur l'uniforme ci-dessus \ud83d\ude0a<\/p>\n\t\t\t<\/div>\n\t\t<\/div>\n\t\t\t\t<div id=\"qaef-19227\" class=\"qe-faq-toggle general\">\n\t\t\t<div class=\"qe-toggle-title\">\n\t\t\t\t<h4>\n\t\t\t\t\t<i class=\"fa fa-minus-circle\"><\/i> Puis-je acheter ma carte de transport \u00e0 l'avance ?\t\t\t\t<\/h4>\n\t\t\t<\/div>\n\t\t\t<div class=\"qe-toggle-content\">\n\t\t\t\t<p>Oui, vous pouvez le faire si vous le souhaitez. Voir ici pour plus de d\u00e9tails <a href=\"https:\/\/about.leapcard.ie\/\">Leap Card - Accueil<\/a>.<\/p>\n\t\t\t<\/div>\n\t\t<\/div>\n\t\t\t\t<div id=\"qaef-19226\" class=\"qe-faq-toggle general\">\n\t\t\t<div class=\"qe-toggle-title\">\n\t\t\t\t<h4>\n\t\t\t\t\t<i class=\"fa fa-minus-circle\"><\/i> Y aura-t-il quelqu'un \u00e0 l'a\u00e9roport pour m'accueillir \u00e0 mon arriv\u00e9e ?\t\t\t\t<\/h4>\n\t\t\t<\/div>\n\t\t\t<div class=\"qe-toggle-content\">\n\t\t\t\t<p>Tous les jeunes sont accueillis \u00e0 l'arriv\u00e9e \u00e0 l'a\u00e9roport de Dublin et sont transport\u00e9s vers leur famille d'accueil, soit par leur famille d'accueil elle-m\u00eame, soit par un chauffeur d\u00e9sign\u00e9 par l'ISI.<\/p>\n\t\t\t<\/div>\n\t\t<\/div>\n\t\t\t\t<div id=\"qaef-19225\" class=\"qe-faq-toggle general\">\n\t\t\t<div class=\"qe-toggle-title\">\n\t\t\t\t<h4>\n\t\t\t\t\t<i class=\"fa fa-minus-circle\"><\/i> Quelles sont les dates des vacances scolaires ?\t\t\t\t<\/h4>\n\t\t\t<\/div>\n\t\t\t<div class=\"qe-toggle-content\">\n\t\t\t\t<p>Les vacances scolaires peuvent d\u00e9pendre du groupe d'\u00e2ge et de l'\u00e9cole que vous fr\u00e9quentez. Notre \u00e9quipe vous communiquera les dates des vacances scolaires lorsque vous recevrez la confirmation de votre place au lyc\u00e9e.<\/p>\n\t\t\t<\/div>\n\t\t<\/div>\n\t\t\t\t<div id=\"qaef-19224\" class=\"qe-faq-toggle general\">\n\t\t\t<div class=\"qe-toggle-title\">\n\t\t\t\t<h4>\n\t\t\t\t\t<i class=\"fa fa-minus-circle\"><\/i> Suis-je oblig\u00e9 de retourner dans mon pays d'origine pour No\u00ebl ?\t\t\t\t<\/h4>\n\t\t\t<\/div>\n\t\t\t<div class=\"qe-toggle-content\">\n\t\t\t\t<p>Tous les \u00e9tudiants europ\u00e9ens doivent rentrer chez eux pour No\u00ebl. Les personnes r\u00e9sidant en dehors de l'Europe, par exemple en Chine et au Japon, peuvent rester dans leur famille d'accueil. Si votre famille d'accueil n'est pas en mesure de vous accueillir pendant les vacances, nous trouverons une autre famille d'accueil pour la p\u00e9riode de No\u00ebl.<\/p>\n\t\t\t<\/div>\n\t\t<\/div>\n\t\t\t\t<div id=\"qaef-19223\" class=\"qe-faq-toggle general\">\n\t\t\t<div class=\"qe-toggle-title\">\n\t\t\t\t<h4>\n\t\t\t\t\t<i class=\"fa fa-minus-circle\"><\/i> Suis-je oblig\u00e9 de rentrer chez moi pour les vacances de P\u00e2ques et de mi-mandat ?\t\t\t\t<\/h4>\n\t\t\t<\/div>\n\t\t\t<div class=\"qe-toggle-content\">\n\t\t\t\t<p>Tous les \u00e9tudiants sont invit\u00e9s \u00e0 rester en Irlande pour les vacances de P\u00e2ques et de mi-mandat.<\/p>\n\t\t\t<\/div>\n\t\t<\/div>\n\t\t\t\t<div id=\"qaef-19220\" class=\"qe-faq-toggle general\">\n\t\t\t<div class=\"qe-toggle-title\">\n\t\t\t\t<h4>\n\t\t\t\t\t<i class=\"fa fa-minus-circle\"><\/i> Les transferts a\u00e9roportuaires sont-ils inclus ?\t\t\t\t<\/h4>\n\t\t\t<\/div>\n\t\t\t<div class=\"qe-toggle-content\">\n\t\t\t\t<p>Les transferts \u00e0 l'arriv\u00e9e et au d\u00e9part de l'a\u00e9roport sont inclus, ainsi que les transferts de No\u00ebl. Tous les autres transferts sont factur\u00e9s en sus.<\/p>\n\t\t\t<\/div>\n\t\t<\/div>\n\t\t            <\/div>\n\t\t<\/div><\/div><\/div><\/div>\n<\/div>","protected":false},"excerpt":{"rendered":"FAQs G\u00e9n\u00e9ralit\u00e9s Quand recevrai-je toutes les informations dont j'ai besoin pour mon s\u00e9jour ? L'orientation est propos\u00e9e \u00e0 tous les \u00e9tudiants un jour peu apr\u00e8s leur arriv\u00e9e, o\u00f9 vous ...","protected":false},"author":1,"featured_media":0,"parent":0,"menu_order":0,"comment_status":"closed","ping_status":"closed","template":"","meta":{"_seopress_robots_primary_cat":"","_seopress_titles_title":"","_seopress_titles_desc":"","_seopress_robots_index":"","footnotes":""},"class_list":["post-19250","page","type-page","status-publish","hentry"],"_links":{"self":[{"href":"https:\/\/highschool.studyinireland.ie\/fr\/wp-json\/wp\/v2\/pages\/19250","targetHints":{"allow":["GET"]}}],"collection":[{"href":"https:\/\/highschool.studyinireland.ie\/fr\/wp-json\/wp\/v2\/pages"}],"about":[{"href":"https:\/\/highschool.studyinireland.ie\/fr\/wp-json\/wp\/v2\/types\/page"}],"author":[{"embeddable":true,"href":"https:\/\/highschool.studyinireland.ie\/fr\/wp-json\/wp\/v2\/users\/1"}],"replies":[{"embeddable":true,"href":"https:\/\/highschool.studyinireland.ie\/fr\/wp-json\/wp\/v2\/comments?post=19250"}],"version-history":[{"count":2,"href":"https:\/\/highschool.studyinireland.ie\/fr\/wp-json\/wp\/v2\/pages\/19250\/revisions"}],"predecessor-version":[{"id":19254,"href":"https:\/\/highschool.studyinireland.ie\/fr\/wp-json\/wp\/v2\/pages\/19250\/revisions\/19254"}],"wp:attachment":[{"href":"https:\/\/highschool.studyinireland.ie\/fr\/wp-json\/wp\/v2\/media?parent=19250"}],"curies":[{"name":"wp","href":"https:\/\/api.w.org\/{rel}","templated":true}]}}