{"id":4208,"date":"2020-06-11T13:16:21","date_gmt":"2020-06-11T13:16:21","guid":{"rendered":"https:\/\/highschool.studyinireland.ie\/?page_id=4208"},"modified":"2021-08-26T13:33:18","modified_gmt":"2021-08-26T13:33:18","slug":"programme-scolaire","status":"publish","type":"page","link":"https:\/\/highschool.studyinireland.ie\/fr\/the-school-curriculum\/","title":{"rendered":"Programme scolaire"},"content":{"rendered":"<div class=\"wpb-content-wrapper\"><div class=\"vc_row wpb_row vc_row-fluid\"><div class=\"wpb_column vc_column_container vc_col-sm-12\"><div class=\"vc_column-inner\"><div class=\"wpb_wrapper\"><h3 style=\"text-align: left\" class=\"vc_custom_heading vc_do_custom_heading\" >Programme scolaire<\/h3>\n\t<div class=\"wpb_text_column wpb_content_element\" >\n\t\t<div class=\"wpb_wrapper\">\n\t\t\t<blockquote>\n<p style=\"text-align: justify;\" class=\"translation-block\">Les \u00e9coles irlandaises suivent un programme d'\u00e9tudes d\u00e9fini par le minist\u00e8re irlandais de l'\u00e9ducation et des sciences (<a href=\"http:\/\/www.education.ie\" target=\"_self\">www.education.ie<\/a>) Ainsi, qu'il s'agisse d'une \u00e9cole priv\u00e9e ou publique, tous les \u00e9l\u00e8ves suivent les m\u00eames cours et passent les m\u00eames examens d'\u00c9tat.<\/p>\n<\/blockquote>\n\n\t\t<\/div>\n\t<\/div>\n\n\t<div class=\"wpb_text_column wpb_content_element\" >\n\t\t<div class=\"wpb_wrapper\">\n\t\t\t<p style=\"text-align: justify;\">Au niveau du cycle junior, les \u00e9l\u00e8ves suivent g\u00e9n\u00e9ralement un minimum de 8 mati\u00e8res acad\u00e9miques et au niveau du ''Leaving Certificate'', un minimum de 6. Les \u00e9l\u00e8ves peuvent suivre chaque mati\u00e8re \u00e0 un niveau sup\u00e9rieur ou inf\u00e9rieur. Par exemple, normalement, les \u00e9l\u00e8ves de notre programme de lyc\u00e9e suivent un anglais de niveau inf\u00e9rieur.<\/p>\n<p style=\"text-align: justify;\">Les mati\u00e8res les plus courantes pour le ''Leaving Certificate'' sont indiqu\u00e9es dans le tableau ci-dessous :<\/p>\n<table border=\"0\" width=\"100%\" cellspacing=\"0\" cellpadding=\"0\" align=\"center\">\n<tbody>\n<tr align=\"center\" valign=\"middle\">\n<td colspan=\"3\" align=\"left\" bgcolor=\"#98d5c6\" height=\"50\">\n<p style=\"color: #ffffff; font-weight: bold;\">Mati\u00e8res principales \u2013 obligatoires<\/p>\n<\/td>\n<\/tr>\n<tr>\n<td align=\"left\" valign=\"middle\" width=\"33%\" height=\"35\">Les math\u00e9matiques<\/td>\n<td align=\"left\" valign=\"middle\" width=\"33%\" height=\"35\">L'anglais<\/td>\n<td align=\"left\" valign=\"middle\" width=\"33%\" height=\"0\">L'irlandais*<\/td>\n<\/tr>\n<\/tbody>\n<\/table>\n<p style=\"text-align: justify;\">* L'irlandais est une langue d'origine parl\u00e9e il y a plus de cent ans. Aujourd'hui, il est encore parl\u00e9 dans certaines zones rurales et reste une langue officielle souvent entendue \u00e0 la t\u00e9l\u00e9, \u00e0 la radio et vue sur les panneaux et documents officiels du gouvernement.<\/p>\n<p style=\"text-align: justify;\">Les \u00e9l\u00e8ves \u00e9trangers ne sont pas tenus d'\u00e9tudier l'irlandais. Habituellement, les \u00e9l\u00e8ves \u00e9trangers utilisent ces p\u00e9riodes comme temps d'\u00e9tude ou ils peuvent suivre une mati\u00e8re suppl\u00e9mentaire ou m\u00eame des cours d'anglais suppl\u00e9mentaires, le cas \u00e9ch\u00e9ant.<\/p>\n<table border=\"0\" width=\"100%\" cellspacing=\"0\" cellpadding=\"0\" align=\"center\">\n<tbody>\n<tr align=\"center\" valign=\"middle\">\n<td colspan=\"4\" align=\"left\" bgcolor=\"#98d5c6\" height=\"50\">\n<p style=\"color: #ffffff; font-weight: bold;\">Mati\u00e8res au choix - g\u00e9n\u00e9ralement une langue moderne et un choix de 4 + autres mati\u00e8res<\/p>\n<\/td>\n<\/tr>\n<tr>\n<td width=\"25%\" height=\"30\">Le fran\u00e7ais<\/td>\n<td width=\"25%\" height=\"30\">L'espagnol<\/td>\n<td width=\"25%\" height=\"30\">L'allemand<\/td>\n<td width=\"25%\" height=\"30\">L'italien<\/td>\n<\/tr>\n<tr>\n<td height=\"30\">La physique<\/td>\n<td height=\"30\">Les \u00e9tudes de commerce<\/td>\n<td height=\"30\">La musique<\/td>\n<td height=\"30\">Les graphiques de design et de techniques<\/td>\n<\/tr>\n<tr>\n<td height=\"30\">La chimie<\/td>\n<td height=\"30\">La comptabilit\u00e9<\/td>\n<td height=\"30\">L'art<\/td>\n<td height=\"30\">L'ing\u00e9nierie<\/td>\n<\/tr>\n<tr>\n<td height=\"30\">La biologie<\/td>\n<td height=\"30\">L'\u00e9conomie<\/td>\n<td height=\"30\">Les \u00e9tudes classiques<\/td>\n<td height=\"30\">Les \u00e9tudes de construction<\/td>\n<\/tr>\n<tr>\n<td height=\"30\">La science agricole<\/td>\n<td height=\"30\">L'histoire<\/td>\n<td height=\"30\">L'\u00e9conomie domestique<\/td>\n<td height=\"30\">La technologie<\/td>\n<\/tr>\n<tr>\n<td height=\"30\">Les math\u00e9matiques appliqu\u00e9es<\/td>\n<td height=\"30\">La g\u00e9ographie<\/td>\n<td height=\"30\">Le dessin technique<\/td>\n<td height=\"30\"><\/td>\n<\/tr>\n<\/tbody>\n<\/table>\n\n\t\t<\/div>\n\t<\/div>\n<\/div><\/div><\/div><\/div>\n<\/div>","protected":false},"excerpt":{"rendered":"Le programme scolaire Les \u00e9coles irlandaises suivent un programme \u00e9tabli par le minist\u00e8re irlandais de l'\u00e9ducation et des sciences (www.education.ie). Que ce soit dans une \u00e9cole priv\u00e9e ou publique, tous les \u00e9l\u00e8ves suivent ...","protected":false},"author":1,"featured_media":5858,"parent":0,"menu_order":0,"comment_status":"closed","ping_status":"closed","template":"template-fullwidth.php","meta":{"_seopress_robots_primary_cat":"","_seopress_titles_title":"","_seopress_titles_desc":"","_seopress_robots_index":"yes","footnotes":""},"class_list":["post-4208","page","type-page","status-publish","has-post-thumbnail","hentry"],"_links":{"self":[{"href":"https:\/\/highschool.studyinireland.ie\/fr\/wp-json\/wp\/v2\/pages\/4208","targetHints":{"allow":["GET"]}}],"collection":[{"href":"https:\/\/highschool.studyinireland.ie\/fr\/wp-json\/wp\/v2\/pages"}],"about":[{"href":"https:\/\/highschool.studyinireland.ie\/fr\/wp-json\/wp\/v2\/types\/page"}],"author":[{"embeddable":true,"href":"https:\/\/highschool.studyinireland.ie\/fr\/wp-json\/wp\/v2\/users\/1"}],"replies":[{"embeddable":true,"href":"https:\/\/highschool.studyinireland.ie\/fr\/wp-json\/wp\/v2\/comments?post=4208"}],"version-history":[{"count":32,"href":"https:\/\/highschool.studyinireland.ie\/fr\/wp-json\/wp\/v2\/pages\/4208\/revisions"}],"predecessor-version":[{"id":6539,"href":"https:\/\/highschool.studyinireland.ie\/fr\/wp-json\/wp\/v2\/pages\/4208\/revisions\/6539"}],"wp:featuredmedia":[{"embeddable":true,"href":"https:\/\/highschool.studyinireland.ie\/fr\/wp-json\/wp\/v2\/media\/5858"}],"wp:attachment":[{"href":"https:\/\/highschool.studyinireland.ie\/fr\/wp-json\/wp\/v2\/media?parent=4208"}],"curies":[{"name":"wp","href":"https:\/\/api.w.org\/{rel}","templated":true}]}}