{"id":4397,"date":"2020-06-15T13:14:27","date_gmt":"2020-06-15T13:14:27","guid":{"rendered":"https:\/\/highschool.studyinireland.ie\/?page_id=4397"},"modified":"2023-11-24T10:16:47","modified_gmt":"2023-11-24T10:16:47","slug":"processus-de-demande","status":"publish","type":"page","link":"https:\/\/highschool.studyinireland.ie\/fr\/application-process\/","title":{"rendered":"Processus de candidature"},"content":{"rendered":"<div class=\"wpb-content-wrapper\"><div class=\"vc_row wpb_row vc_row-fluid\"><div class=\"wpb_column vc_column_container vc_col-sm-12\"><div class=\"vc_column-inner\"><div class=\"wpb_wrapper\"><h1 style=\"text-align: left\" class=\"vc_custom_heading vc_do_custom_heading\" >Processus de candidature<\/h1><h3 style=\"text-align: left\" class=\"vc_custom_heading vc_do_custom_heading\" >\u00c9tape 1<\/h3>\n\t<div class=\"wpb_text_column wpb_content_element\" >\n\t\t<div class=\"wpb_wrapper\">\n\t\t\t<p style=\"text-align: justify;\" class=\"translation-block\">Le parent ou le partenaire remplit le <a href=\"https:\/\/highschool.studyinireland.ie\/fr\/formulaire-d-enquete-preliminaire\/\" target=\"_self\">Formulaire de renseignement pr\u00e9liminaire<\/a> ou envoie une demande de renseignements par courrier \u00e9lectronique \u00e0 notre bureau, avec une courte pr\u00e9sentation de l'\u00e9tudiant comprenant son nom, son \u00e2ge, sa date de naissance, ses centres d'int\u00e9r\u00eat (loisirs, sports et mati\u00e8res qu'il aime) et le type d'\u00e9cole qu'il souhaite, par exemple publique ou priv\u00e9e, mixte ou unisexe, \u00e0 Dublin ou \u00e0 la campagne, etc.<\/p>\n\n\t\t<\/div>\n\t<\/div>\n<h3 style=\"text-align: left\" class=\"vc_custom_heading vc_do_custom_heading\" >\u00e9tape 2<\/h3>\n\t<div class=\"wpb_text_column wpb_content_element\" >\n\t\t<div class=\"wpb_wrapper\">\n\t\t\t<p style=\"text-align: justify;\">Sur la base de ces informations, l'ISI Dublin proposera 1 ou 2 \u00e9coles appropri\u00e9es ou les \u00e9l\u00e8ves et leurs parents s\u00e9lectionneront leurs \u00e9coles pr\u00e9f\u00e9r\u00e9es dans notre brochure. Les \u00e9l\u00e8ves peuvent nous donner autant de pr\u00e9f\u00e9rences qu'ils le souhaitent. Bien que nous obtenions g\u00e9n\u00e9ralement une place dans l'une des \u00e9coles pr\u00e9f\u00e9r\u00e9es, nous ne pouvons pas le garantir.<\/p>\n\n\t\t<\/div>\n\t<\/div>\n<h3 style=\"text-align: left\" class=\"vc_custom_heading vc_do_custom_heading\" >\u00e9tape 3<\/h3>\n\t<div class=\"wpb_text_column wpb_content_element\" >\n\t\t<div class=\"wpb_wrapper\">\n\t\t\t<p style=\"text-align: justify;\">Une fois que le parent et l'\u00e9l\u00e8ve (et\/ou l'agent) sont satisfaits de ces options et souhaitent continuer, nous demanderons une demande compl\u00e8te. Cela doit inclure :<\/p>\n<ul>\n<li>Formulaire de demande d'ISI rempli, parties 1 \u00e0 7<\/li>\n<li>Deux photos de passeport<\/li>\n<li>Copie de la carte EHIC (pour les \u00e9l\u00e8ves de l'EEE) ou de l'assurance m\u00e9dicale priv\u00e9e (pour les \u00e9l\u00e8ves non-EEE)<\/li>\n<li>Copie du passeport de l'\u00e9l\u00e8ve<\/li>\n<li>Rapports scolaires r\u00e9cents (2 ans) \u2013 copie originale et une copie traduite en anglais<\/li>\n<\/ul>\n\n\t\t<\/div>\n\t<\/div>\n<h3 style=\"text-align: left\" class=\"vc_custom_heading vc_do_custom_heading\" >Confirmation de lieu<\/h3>\n\t<div class=\"wpb_text_column wpb_content_element\" >\n\t\t<div class=\"wpb_wrapper\">\n\t\t\t<p style=\"text-align: justify;\">Les places seront confirm\u00e9es \u00e0 100% apr\u00e8s les vacances de P\u00e2ques dans l'ann\u00e9e pr\u00e9c\u00e9dant l'entr\u00e9e. Par cons\u00e9quent, si un \u00e9l\u00e8ve postule pour commencer au trimestre 1, sa place sera confirm\u00e9e \u00e0 100% dans les semaines suivant les vacances de P\u00e2ques, environ 8 \u00e0 12 semaines avant l'arriv\u00e9e. Si la demande est re\u00e7ue apr\u00e8s P\u00e2ques, les places seront confirm\u00e9es d\u00e8s que possible mais ce processus peut prendre 3 \u00e0 4 semaines. ISI sera en mesure d'informer les demandes tardives d'un d\u00e9lai raisonnable pour la confirmation. Les demandes de places pour les trimestres 2 et 3 doivent \u00eatre faites 4 \u00e0 6 semaines \u00e0 l'avance et les placements seront confirm\u00e9s d\u00e8s que possible.<\/p>\n\n\t\t<\/div>\n\t<\/div>\n<h3 style=\"text-align: left\" class=\"vc_custom_heading vc_do_custom_heading\" >Facturation et paiement<\/h3>\n\t<div class=\"wpb_text_column wpb_content_element\" >\n\t\t<div class=\"wpb_wrapper\">\n\t\t\t<p style=\"text-align: justify;\">Une fois qu'une place est confirm\u00e9e, nous enverrons une facture pour les frais complets du programme. Ceux-ci doivent \u00eatre pay\u00e9s en totalit\u00e9 \u00e0 l'avance et au moins 4 semaines avant la date d'arriv\u00e9e. Certaines \u00e9coles priv\u00e9es exigeront un acompte avant qu'une place puisse \u00eatre confirm\u00e9e, ISI en informera les candidats individuellement. Les demandeurs non europ\u00e9ens qui doivent faire une demande de visa devront payer l'int\u00e9gralit\u00e9 \u00e0 r\u00e9ception de la facture afin que les documents de confirmation puissent \u00eatre d\u00e9livr\u00e9s \u00e0 l'avance. Toutes les demandes directes (non-agents) doivent payer un acompte de 50% lors de la confirmation d'une place. Les candidatures via une agence n\u00e9cessitent un acompte de 10%.<\/p>\n\n\t\t<\/div>\n\t<\/div>\n<h3 style=\"text-align: left\" class=\"vc_custom_heading vc_do_custom_heading\" >Documents de confirmation et d'arriv\u00e9e<\/h3>\n\t<div class=\"wpb_text_column wpb_content_element\" >\n\t\t<div class=\"wpb_wrapper\">\n\t\t\t<p style=\"text-align: justify;\">Une fois la totalit\u00e9 des frais sont pay\u00e9s, ISI confirmera les documents finaux 4 semaines avant la date d'arriv\u00e9e. Ceux-ci incluent les d\u00e9tails de la famille d'accueil et du transfert et un guide des \u00e9l\u00e8ves et des parents. Les d\u00e9tails du vol doivent \u00eatre fournis avant que ceux-ci puissent \u00eatre confirm\u00e9s.<\/p>\n\n\t\t<\/div>\n\t<\/div>\n<\/div><\/div><\/div><\/div>\n<\/div>","protected":false},"excerpt":{"rendered":"Processus de candidature\u00c9tape 1 Le parent ou l'agent remplit le formulaire de demande pr\u00e9liminaire ou envoie une demande par courriel \u00e0 notre bureau avec un bref profil de l'\u00e9tudiant, y compris son nom, ...","protected":false},"author":1,"featured_media":18147,"parent":0,"menu_order":0,"comment_status":"closed","ping_status":"closed","template":"template-fullwidth.php","meta":{"_seopress_robots_primary_cat":"","_seopress_titles_title":"%%sitetitle%% %%sep%% %%post_title%%","_seopress_titles_desc":"As part of an International exchange programme the parent completes the Preliminary Enquiry Form or sends an email enquiry to our office.","_seopress_robots_index":"yes","footnotes":""},"class_list":["post-4397","page","type-page","status-publish","has-post-thumbnail","hentry"],"_links":{"self":[{"href":"https:\/\/highschool.studyinireland.ie\/fr\/wp-json\/wp\/v2\/pages\/4397","targetHints":{"allow":["GET"]}}],"collection":[{"href":"https:\/\/highschool.studyinireland.ie\/fr\/wp-json\/wp\/v2\/pages"}],"about":[{"href":"https:\/\/highschool.studyinireland.ie\/fr\/wp-json\/wp\/v2\/types\/page"}],"author":[{"embeddable":true,"href":"https:\/\/highschool.studyinireland.ie\/fr\/wp-json\/wp\/v2\/users\/1"}],"replies":[{"embeddable":true,"href":"https:\/\/highschool.studyinireland.ie\/fr\/wp-json\/wp\/v2\/comments?post=4397"}],"version-history":[{"count":21,"href":"https:\/\/highschool.studyinireland.ie\/fr\/wp-json\/wp\/v2\/pages\/4397\/revisions"}],"predecessor-version":[{"id":18288,"href":"https:\/\/highschool.studyinireland.ie\/fr\/wp-json\/wp\/v2\/pages\/4397\/revisions\/18288"}],"wp:featuredmedia":[{"embeddable":true,"href":"https:\/\/highschool.studyinireland.ie\/fr\/wp-json\/wp\/v2\/media\/18147"}],"wp:attachment":[{"href":"https:\/\/highschool.studyinireland.ie\/fr\/wp-json\/wp\/v2\/media?parent=4397"}],"curies":[{"name":"wp","href":"https:\/\/api.w.org\/{rel}","templated":true}]}}