{"id":4545,"date":"2020-06-17T09:31:28","date_gmt":"2020-06-17T09:31:28","guid":{"rendered":"https:\/\/highschool.studyinireland.ie\/?page_id=4545"},"modified":"2025-06-09T16:09:48","modified_gmt":"2025-06-09T16:09:48","slug":"notre-equipe-2","status":"publish","type":"page","link":"https:\/\/highschool.studyinireland.ie\/fr\/our-team\/","title":{"rendered":"Notre \u00e9quipe"},"content":{"rendered":"<div class=\"wpb-content-wrapper\"><div class=\"vc_row wpb_row vc_row-fluid\"><div class=\"wpb_column vc_column_container vc_col-sm-12\"><div class=\"vc_column-inner\"><div class=\"wpb_wrapper\"><h1 style=\"text-align: left\" class=\"vc_custom_heading vc_do_custom_heading\" >Notre \u00e9quipe<\/h1>\n\t<div class=\"wpb_text_column wpb_content_element\" >\n\t\t<div class=\"wpb_wrapper\">\n\t\t\t<blockquote>\n<p style=\"text-align: justify;\">Rencontrez l'\u00e9quipe du programme de l'\u00e9cole sup\u00e9rieure de Dublin de l'ISI. Nous avons remport\u00e9 le prestigieux prix \"Study Travel English Language School Europe Award\" \u00e0 quatre reprises - 2014, 2016, 2018 et 2020\/21. En tant qu'\u00e9quipe, nous nous effor\u00e7ons d'\u00eatre les meilleurs dans tout ce que nous faisons.<\/p>\n<\/blockquote>\n\n\t\t<\/div>\n\t<\/div>\n<\/div><\/div><\/div><\/div><div class=\"vc_row wpb_row vc_row-fluid\"><div class=\"wpb_column vc_column_container vc_col-sm-3\"><div class=\"vc_column-inner\"><div class=\"wpb_wrapper\">\n\t<div  class=\"wpb_single_image wpb_content_element vc_align_center wpb_content_element\">\n\t\t\n\t\t<figure class=\"wpb_wrapper vc_figure\">\n\t\t\t<div class=\"vc_single_image-wrapper   vc_box_border_grey\"><img decoding=\"async\" class=\"vc_single_image-img\" src=\"https:\/\/highschool.studyinireland.ie\/wp-content\/uploads\/Artboard-7-1-300x300.png\" width=\"300\" height=\"300\" alt=\"Artboard-7\" title=\"Artboard-7\" loading=\"lazy\" \/><\/div>\n\t\t<\/figure>\n\t<\/div>\n<\/div><\/div><\/div><div class=\"wpb_column vc_column_container vc_col-sm-9\"><div class=\"vc_column-inner\"><div class=\"wpb_wrapper\"><h6 style=\"text-align: left\" class=\"vc_custom_heading vc_do_custom_heading\" >Jennifer Diaz Green<\/h6>\n\t<div class=\"wpb_text_column wpb_content_element\" >\n\t\t<div class=\"wpb_wrapper\">\n\t\t\t<p style=\"text-align: justify;\">Jen Diaz Green est impliqu\u00e9e dans l'enseignement de l'anglais langue \u00e9trang\u00e8re depuis plus de 20 ans, tant en Argentine qu'en Irlande. Elle est titulaire d'un dipl\u00f4me d'enseignement de l'anglais obtenu en Argentine et d'un master en \u00e9ducation obtenu au Trinity College de Dublin. Elle a \u00e9t\u00e9 professeur d'anglais langue \u00e9trang\u00e8re, responsable acad\u00e9mique, formatrice d'enseignants et, plus r\u00e9cemment, directrice d'\u00e9cole. Elle est responsable des normes de qualit\u00e9, de l'efficacit\u00e9 op\u00e9rationnelle et de la direction de l'entreprise. Les aspects de son travail qu'elle pr\u00e9f\u00e8re sont le renforcement de l'esprit d'\u00e9quipe, les relations humaines et le bien-\u00eatre. Pendant son temps libre, Jen est une m\u00e8re de deux enfants, tr\u00e8s occup\u00e9e, qui aime les bons petits plats v\u00e9g\u00e9tariens et le yoga.<\/p>\n\n\t\t<\/div>\n\t<\/div>\n<\/div><\/div><\/div><\/div><div class=\"vc_row wpb_row vc_row-fluid\"><div class=\"wpb_column vc_column_container vc_col-sm-3\"><div class=\"vc_column-inner\"><div class=\"wpb_wrapper\">\n\t<div  class=\"wpb_single_image wpb_content_element vc_align_center wpb_content_element\">\n\t\t\n\t\t<figure class=\"wpb_wrapper vc_figure\">\n\t\t\t<div class=\"vc_single_image-wrapper   vc_box_border_grey\"><img decoding=\"async\" class=\"vc_single_image-img\" src=\"https:\/\/highschool.studyinireland.ie\/wp-content\/uploads\/Profile-sarah-300x300.png\" width=\"300\" height=\"300\" alt=\"Profil-sarah\" title=\"Profil-sarah\" loading=\"lazy\" \/><\/div>\n\t\t<\/figure>\n\t<\/div>\n<\/div><\/div><\/div><div class=\"wpb_column vc_column_container vc_col-sm-9\"><div class=\"vc_column-inner\"><div class=\"wpb_wrapper\"><h6 style=\"text-align: left\" class=\"vc_custom_heading vc_do_custom_heading\" >Sarah McGovern<\/h6>\n\t<div class=\"wpb_text_column wpb_content_element\" >\n\t\t<div class=\"wpb_wrapper\">\n\t\t\t<p style=\"text-align: justify;\">Sarah travaille \u00e0 l'ISI depuis 2016. Auparavant, elle a \u00e9tudi\u00e9 les langues appliqu\u00e9es et la traduction \u00e0 l'universit\u00e9 de Dublin. Elle a \u00e9tudi\u00e9 pendant un an \u00e0 l'universit\u00e9 en France, puis a pass\u00e9 un an \u00e0 enseigner l'anglais dans un lyc\u00e9e de ce pays. La France occupera toujours une place particuli\u00e8re dans son c\u0153ur, et pas seulement \u00e0 cause de la nourriture et du vin ! Sarah a ensuite d\u00e9m\u00e9nag\u00e9 \u00e0 Vancouver, au Canada, o\u00f9 elle a pass\u00e9 deux ans \u00e0 travailler et \u00e0 explorer. Les voyages occupent une grande place dans la vie de Sarah, qui s'estime tr\u00e8s chanceuse d'avoir beaucoup voyag\u00e9 en Europe, en Asie et en Am\u00e9rique du Nord. Sarah est mari\u00e9e \u00e0 Jay et a une petite fille qui aime faire toutes sortes de b\u00eatises et tenir ses parents occup\u00e9s ! Ce qu'elle pr\u00e9f\u00e8re dans son travail, c'est rencontrer de nouvelles personnes et s'ouvrir \u00e0 de nouvelles cultures.<\/p>\n\n\t\t<\/div>\n\t<\/div>\n<\/div><\/div><\/div><\/div><div class=\"vc_row wpb_row vc_row-fluid\"><div class=\"wpb_column vc_column_container vc_col-sm-3\"><div class=\"vc_column-inner\"><div class=\"wpb_wrapper\">\n\t<div  class=\"wpb_single_image wpb_content_element vc_align_center wpb_content_element\">\n\t\t\n\t\t<figure class=\"wpb_wrapper vc_figure\">\n\t\t\t<div class=\"vc_single_image-wrapper   vc_box_border_grey\"><img decoding=\"async\" class=\"vc_single_image-img\" src=\"https:\/\/highschool.studyinireland.ie\/wp-content\/uploads\/Artboard-19-300x300.png\" width=\"300\" height=\"300\" alt=\"Artboard-19\" title=\"Artboard-19\" loading=\"lazy\" \/><\/div>\n\t\t<\/figure>\n\t<\/div>\n<\/div><\/div><\/div><div class=\"wpb_column vc_column_container vc_col-sm-9\"><div class=\"vc_column-inner\"><div class=\"wpb_wrapper\"><h6 style=\"text-align: left\" class=\"vc_custom_heading vc_do_custom_heading\" >Michelle Barry Cashman<\/h6>\n\t<div class=\"wpb_text_column wpb_content_element\" >\n\t\t<div class=\"wpb_wrapper\">\n\t\t\t<p style=\"text-align: justify;\">Michelle a rejoint ISI en 2021 en tant que coordinatrice de l'enseignement secondaire. Elle a une exp\u00e9rience de la gestion des personnes, de la formation, du coaching et du mentorat. Elle est mari\u00e9e \u00e0 Robert et a deux filles adolescentes, Eliza et Florence, ainsi que le chien \"Sid\". Elle a occup\u00e9 divers postes au fil des ans et, en 2012, elle a cr\u00e9\u00e9 un centre de ressources communautaire pour les parents et les enfants, qui a connu un \u00e9norme succ\u00e8s jusqu'\u00e0 ce qu'il soit victime de la grippe aviaire en 2020. Elle a beaucoup voyag\u00e9 et comprend les d\u00e9fis auxquels sont confront\u00e9s les jeunes \u00e9tudiants lorsqu'ils arrivent dans un nouveau pays pour la premi\u00e8re fois, car elle a quitt\u00e9 la maison pour travailler \u00e0 l'\u00e9tranger \u00e0 un \u00e2ge pr\u00e9coce. Son objectif est de s'assurer que les \u00e9tudiants de l'ISI vivent la meilleure exp\u00e9rience possible pendant leur s\u00e9jour en Irlande.<\/p>\n\n\t\t<\/div>\n\t<\/div>\n<\/div><\/div><\/div><\/div>\n<\/div>","protected":false},"excerpt":{"rendered":"Notre \u00e9quipe Rencontrez l'\u00e9quipe du programme de l'ISI Dublin HIgh School. Nous avons remport\u00e9 le prestigieux prix Study Travel English Language School Europe Award \u00e0 quatre reprises - 2014, 2016, 2018 et 2020\/21. ...","protected":false},"author":1,"featured_media":5853,"parent":0,"menu_order":0,"comment_status":"closed","ping_status":"closed","template":"template-fullwidth.php","meta":{"_seopress_robots_primary_cat":"","_seopress_titles_title":"","_seopress_titles_desc":"","_seopress_robots_index":"yes","footnotes":""},"class_list":["post-4545","page","type-page","status-publish","has-post-thumbnail","hentry"],"_links":{"self":[{"href":"https:\/\/highschool.studyinireland.ie\/fr\/wp-json\/wp\/v2\/pages\/4545","targetHints":{"allow":["GET"]}}],"collection":[{"href":"https:\/\/highschool.studyinireland.ie\/fr\/wp-json\/wp\/v2\/pages"}],"about":[{"href":"https:\/\/highschool.studyinireland.ie\/fr\/wp-json\/wp\/v2\/types\/page"}],"author":[{"embeddable":true,"href":"https:\/\/highschool.studyinireland.ie\/fr\/wp-json\/wp\/v2\/users\/1"}],"replies":[{"embeddable":true,"href":"https:\/\/highschool.studyinireland.ie\/fr\/wp-json\/wp\/v2\/comments?post=4545"}],"version-history":[{"count":54,"href":"https:\/\/highschool.studyinireland.ie\/fr\/wp-json\/wp\/v2\/pages\/4545\/revisions"}],"predecessor-version":[{"id":19525,"href":"https:\/\/highschool.studyinireland.ie\/fr\/wp-json\/wp\/v2\/pages\/4545\/revisions\/19525"}],"wp:featuredmedia":[{"embeddable":true,"href":"https:\/\/highschool.studyinireland.ie\/fr\/wp-json\/wp\/v2\/media\/5853"}],"wp:attachment":[{"href":"https:\/\/highschool.studyinireland.ie\/fr\/wp-json\/wp\/v2\/media?parent=4545"}],"curies":[{"name":"wp","href":"https:\/\/api.w.org\/{rel}","templated":true}]}}