{"id":1329,"date":"2016-02-12T07:54:41","date_gmt":"2016-02-12T07:54:41","guid":{"rendered":"http:\/\/demos.famethemes.com\/onepress-plus\/?page_id=4"},"modified":"2024-07-04T11:59:48","modified_gmt":"2024-07-04T11:59:48","slug":"home-2","status":"publish","type":"page","link":"https:\/\/highschool.studyinireland.ie\/pt\/","title":{"rendered":"Ensino m\u00e9dio na Irlanda"},"content":{"rendered":"<div class=\"wpb-content-wrapper\"><div class=\"vc_row wpb_row vc_row-fluid\"><div class=\"wpb_column vc_column_container vc_col-sm-12\"><div class=\"vc_column-inner\"><div class=\"wpb_wrapper\">\n\t<div class=\"wpb_text_column wpb_content_element\" >\n\t\t<div class=\"wpb_wrapper\">\n\t\t\t<h3>Programa de tutela Irlanda<\/h3>\n<h3>Programa para adolescentes na Irlanda<\/h3>\n<h3>Programa de interc\u00e2mbio de adolescentes<\/h3>\n<h3>Escolas na Irlanda<\/h3>\n<h3>Programa de interc\u00e2mbio escolar<\/h3>\n<h3>Escolas secund\u00e1rias em Dublin<\/h3>\n<h3>Programa de interc\u00e2mbio internacional<\/h3>\n<h3>Estudantes de interc\u00e2mbio Dublin<\/h3>\n<h3>Estudantes de interc\u00e2mbio Irlanda<\/h3>\n<h3>Estudar na Irlanda<\/h3>\n<h3>Parcerias escolares<\/h3>\n<h3>Escola secund\u00e1ria na Irlanda<\/h3>\n<h3>Programa de interc\u00e2mbio para escolas de ensino m\u00e9dio<\/h3>\n<h3>Servi\u00e7os de coloca\u00e7\u00e3o e tutela<\/h3>\n\n\t\t<\/div>\n\t<\/div>\n<h1 style=\"text-align: left;font-family:Abril Fatface;font-weight:400;font-style:normal\" class=\"vc_custom_heading vc_do_custom_heading\" >Escola de ensino m\u00e9dio em Dublin<\/h1><h2 style=\"text-align: left;font-family:Abril Fatface;font-weight:400;font-style:normal\" class=\"vc_custom_heading vc_do_custom_heading\" >Ensino m\u00e9dio na Irlanda<\/h2><\/div><\/div><\/div><\/div><div class=\"vc_row wpb_row vc_row-fluid\"><div class=\"wpb_column vc_column_container vc_col-sm-12\"><div class=\"vc_column-inner\"><div class=\"wpb_wrapper\">\n\t<div class=\"wpb_text_column wpb_content_element\" >\n\t\t<div class=\"wpb_wrapper\">\n\t\t\t<h2>Ensino m\u00e9dio na Irlanda<\/h2>\n\n\t\t<\/div>\n\t<\/div>\n\n\t<div class=\"wpb_text_column wpb_content_element\" >\n\t\t<div class=\"wpb_wrapper\">\n\t\t\t<h1>Escola de ensino m\u00e9dio em Dublin<\/h1>\n\n\t\t<\/div>\n\t<\/div>\n<\/div><\/div><\/div><\/div>\n<\/div>","protected":false},"excerpt":{"rendered":"Programa de tutela Irlanda Programa para adolescentes Irlanda Programa de interc\u00e2mbio para adolescentes Escolas na Irlanda Programa de interc\u00e2mbio escolar Escolas secund\u00e1rias em Dublin Programa de interc\u00e2mbio internacional Estudantes de interc\u00e2mbio Dublin Estudantes de interc\u00e2mbio Irlanda Estudar na Irlanda ...","protected":false},"author":1,"featured_media":6530,"parent":0,"menu_order":0,"comment_status":"closed","ping_status":"closed","template":"template-frontpage.php","meta":{"_seopress_robots_primary_cat":"","_seopress_titles_title":"High School in Ireland %%sep%% Placement and guardianship service","_seopress_titles_desc":"We offer placement and guardianship services to overseas students in a large number of both private and public schools in Dublin and throughout Ireland.","_seopress_robots_index":"","footnotes":""},"class_list":["post-1329","page","type-page","status-publish","has-post-thumbnail","hentry"],"_links":{"self":[{"href":"https:\/\/highschool.studyinireland.ie\/pt\/wp-json\/wp\/v2\/pages\/1329","targetHints":{"allow":["GET"]}}],"collection":[{"href":"https:\/\/highschool.studyinireland.ie\/pt\/wp-json\/wp\/v2\/pages"}],"about":[{"href":"https:\/\/highschool.studyinireland.ie\/pt\/wp-json\/wp\/v2\/types\/page"}],"author":[{"embeddable":true,"href":"https:\/\/highschool.studyinireland.ie\/pt\/wp-json\/wp\/v2\/users\/1"}],"replies":[{"embeddable":true,"href":"https:\/\/highschool.studyinireland.ie\/pt\/wp-json\/wp\/v2\/comments?post=1329"}],"version-history":[{"count":20,"href":"https:\/\/highschool.studyinireland.ie\/pt\/wp-json\/wp\/v2\/pages\/1329\/revisions"}],"predecessor-version":[{"id":18958,"href":"https:\/\/highschool.studyinireland.ie\/pt\/wp-json\/wp\/v2\/pages\/1329\/revisions\/18958"}],"wp:featuredmedia":[{"embeddable":true,"href":"https:\/\/highschool.studyinireland.ie\/pt\/wp-json\/wp\/v2\/media\/6530"}],"wp:attachment":[{"href":"https:\/\/highschool.studyinireland.ie\/pt\/wp-json\/wp\/v2\/media?parent=1329"}],"curies":[{"name":"wp","href":"https:\/\/api.w.org\/{rel}","templated":true}]}}