{"id":4397,"date":"2020-06-15T13:14:27","date_gmt":"2020-06-15T13:14:27","guid":{"rendered":"https:\/\/highschool.studyinireland.ie\/?page_id=4397"},"modified":"2023-11-24T10:16:47","modified_gmt":"2023-11-24T10:16:47","slug":"processo-de-aplicacao","status":"publish","type":"page","link":"https:\/\/highschool.studyinireland.ie\/pt\/application-process\/","title":{"rendered":"Processo de inscri\u00e7\u00e3o"},"content":{"rendered":"<div class=\"wpb-content-wrapper\"><div class=\"vc_row wpb_row vc_row-fluid\"><div class=\"wpb_column vc_column_container vc_col-sm-12\"><div class=\"vc_column-inner\"><div class=\"wpb_wrapper\"><h1 style=\"text-align: left\" class=\"vc_custom_heading vc_do_custom_heading\" >Processo de inscri\u00e7\u00e3o<\/h1><h3 style=\"text-align: left\" class=\"vc_custom_heading vc_do_custom_heading\" >Passo 1<\/h3>\n\t<div class=\"wpb_text_column wpb_content_element\" >\n\t\t<div class=\"wpb_wrapper\">\n\t\t\t<p style=\"text-align: justify;\" class=\"translation-block\">O pai ou agente preenche o <a href=\"https:\/\/highschool.studyinireland.ie\/pt\/preliminary-enquiry\/\" target=\"_self\">Preliminary Enquiry Form<\/a> ou envia uma consulta por e-mail para o nosso escrit\u00f3rio com um breve perfil do aluno, incluindo nome, idade, data de nascimento, interesses (hobbies, esportes e mat\u00e9rias de que gosta) e o tipo de escola que gostaria de ter, por exemplo, estadual ou particular, mista ou de g\u00eanero \u00fanico, Dublin ou interior etc.<\/p>\n\n\t\t<\/div>\n\t<\/div>\n<h3 style=\"text-align: left\" class=\"vc_custom_heading vc_do_custom_heading\" >Passo 2<\/h3>\n\t<div class=\"wpb_text_column wpb_content_element\" >\n\t\t<div class=\"wpb_wrapper\">\n\t\t\t<p style=\"text-align: justify;\">Com base nestas informa\u00e7\u00f5es, a ISI Dublin ir\u00e1 sugerir 1-2 escolas adequadas e seus pais selecionar\u00e3o suas escolas preferidas em nosso folheto. Os alunos podem nos dar quantas prefer\u00eancias quiserem. Embora geralmente garantamos uma vaga em uma das escolas preferidas, n\u00e3o podemos garantir isso.<\/p>\n\n\t\t<\/div>\n\t<\/div>\n<h3 style=\"text-align: left\" class=\"vc_custom_heading vc_do_custom_heading\" >Passo 3<\/h3>\n\t<div class=\"wpb_text_column wpb_content_element\" >\n\t\t<div class=\"wpb_wrapper\">\n\t\t\t<p style=\"text-align: justify;\">Assim que os pais, o aluno (e\/ou agente) estiverem satisfeitos com essas op\u00e7\u00f5es e quiserem prosseguir, solicitaremos uma inscri\u00e7\u00e3o completa. Isso deve incluir:<\/p>\n<ul>\n<li>Formul\u00e1rio de inscri\u00e7\u00e3o ISI preenchido, partes 1 - 7<\/li>\n<li>2 Fotos de Passaporte<\/li>\n<li>C\u00f3pia do cart\u00e3o EHIC (alunos do EEE) ou seguro m\u00e9dico privado (alunos n\u00e3o pertencentes ao EEE)<\/li>\n<li>C\u00f3pia do passaporte do aluno<\/li>\n<li>Hist\u00f3ricos escolares recentes (2 anos) - c\u00f3pia original e uma c\u00f3pia traduzida para o ingl\u00eas<\/li>\n<\/ul>\n\n\t\t<\/div>\n\t<\/div>\n<h3 style=\"text-align: left\" class=\"vc_custom_heading vc_do_custom_heading\" >Confirma\u00e7\u00e3o de matr\u00edcula<\/h3>\n\t<div class=\"wpb_text_column wpb_content_element\" >\n\t\t<div class=\"wpb_wrapper\">\n\t\t\t<p style=\"text-align: justify;\">As vagas ser\u00e3o 100% confirmadas ap\u00f3s as f\u00e9rias da P\u00e1scoa. Portanto, se um aluno se inscreveu para come\u00e7ar no 1\u00ba semestre, sua vaga ser\u00e1 100% confirmada nas semanas ap\u00f3s o feriado da P\u00e1scoa, aproximadamente 8-12 semanas antes da chegada. Se a inscri\u00e7\u00e3o for recebida ap\u00f3s a P\u00e1scoa, as vagas ser\u00e3o confirmadas o mais r\u00e1pido poss\u00edvel, mas esse processo pode levar de 3 a 4 semanas. A ISI poder\u00e1 aconselhar as aplica\u00e7\u00f5es atrasadas sobre um prazo razo\u00e1vel para a confirma\u00e7\u00e3o. As inscri\u00e7\u00f5es para vagas do 2\u00ba e 3\u00ba semestre devem ser feitas com 4 a 6 semanas de anteced\u00eancia e as coloca\u00e7\u00f5es ser\u00e3o confirmadas o mais r\u00e1pido poss\u00edvel.<\/p>\n\n\t\t<\/div>\n\t<\/div>\n<h3 style=\"text-align: left\" class=\"vc_custom_heading vc_do_custom_heading\" >Fatura &amp; Pagamento<\/h3>\n\t<div class=\"wpb_text_column wpb_content_element\" >\n\t\t<div class=\"wpb_wrapper\">\n\t\t\t<p style=\"text-align: justify;\">Assim que a vaga for confirmada, enviaremos uma fatura com o valor total do programa. Estes devem ser pagos integralmente com anteced\u00eancia e no m\u00ednimo 4 semanas antes da chegada. Algumas escolas particulares exigir\u00e3o o pagamento de um dep\u00f3sito antes que a vaga possa ser confirmada. A ISI avisar\u00e1 os candidatos sobre isso individualmente. Os requerentes de pa\u00edses n\u00e3o pertencentes \u00e0 UE que precisem solicitar um visto dever\u00e3o pagar integralmente no recebimento da fatura para que os documentos de confirma\u00e7\u00e3o possam ser emitidos com anteced\u00eancia. Todas as inscri\u00e7\u00f5es diretas (n\u00e3o agentes) devem pagar um dep\u00f3sito de 50% na confirma\u00e7\u00e3o de uma vaga. As inscri\u00e7\u00f5es por meio de uma ag\u00eancia exigem um dep\u00f3sito de 10%.<\/p>\n\n\t\t<\/div>\n\t<\/div>\n<h3 style=\"text-align: left\" class=\"vc_custom_heading vc_do_custom_heading\" >Confirma\u00e7\u00e3o &amp; Documentos de chegada<\/h3>\n\t<div class=\"wpb_text_column wpb_content_element\" >\n\t\t<div class=\"wpb_wrapper\">\n\t\t\t<p style=\"text-align: justify;\">Ap\u00f3s o pagamento integral das taxas, a ISI enviar\u00e1 os documentos finais 4 semanas antes da chegada. Estes incluem Fam\u00edlia anfitri\u00e3 e detalhes de transfer\u00eancia e um guia do aluno e dos pais. Os detalhes do voo devem ser fornecidos antes de serem confirmados.<\/p>\n\n\t\t<\/div>\n\t<\/div>\n<\/div><\/div><\/div><\/div>\n<\/div>","protected":false},"excerpt":{"rendered":"Processo de inscri\u00e7\u00e3oEtapa 1 O pai ou agente preenche o Formul\u00e1rio de Consulta Preliminar ou envia uma consulta por e-mail ao nosso escrit\u00f3rio com um breve perfil do aluno, incluindo seu nome, ...","protected":false},"author":1,"featured_media":18147,"parent":0,"menu_order":0,"comment_status":"closed","ping_status":"closed","template":"template-fullwidth.php","meta":{"_seopress_robots_primary_cat":"","_seopress_titles_title":"%%sitetitle%% %%sep%% %%post_title%%","_seopress_titles_desc":"As part of an International exchange programme the parent completes the Preliminary Enquiry Form or sends an email enquiry to our office.","_seopress_robots_index":"yes","footnotes":""},"class_list":["post-4397","page","type-page","status-publish","has-post-thumbnail","hentry"],"_links":{"self":[{"href":"https:\/\/highschool.studyinireland.ie\/pt\/wp-json\/wp\/v2\/pages\/4397","targetHints":{"allow":["GET"]}}],"collection":[{"href":"https:\/\/highschool.studyinireland.ie\/pt\/wp-json\/wp\/v2\/pages"}],"about":[{"href":"https:\/\/highschool.studyinireland.ie\/pt\/wp-json\/wp\/v2\/types\/page"}],"author":[{"embeddable":true,"href":"https:\/\/highschool.studyinireland.ie\/pt\/wp-json\/wp\/v2\/users\/1"}],"replies":[{"embeddable":true,"href":"https:\/\/highschool.studyinireland.ie\/pt\/wp-json\/wp\/v2\/comments?post=4397"}],"version-history":[{"count":21,"href":"https:\/\/highschool.studyinireland.ie\/pt\/wp-json\/wp\/v2\/pages\/4397\/revisions"}],"predecessor-version":[{"id":18288,"href":"https:\/\/highschool.studyinireland.ie\/pt\/wp-json\/wp\/v2\/pages\/4397\/revisions\/18288"}],"wp:featuredmedia":[{"embeddable":true,"href":"https:\/\/highschool.studyinireland.ie\/pt\/wp-json\/wp\/v2\/media\/18147"}],"wp:attachment":[{"href":"https:\/\/highschool.studyinireland.ie\/pt\/wp-json\/wp\/v2\/media?parent=4397"}],"curies":[{"name":"wp","href":"https:\/\/api.w.org\/{rel}","templated":true}]}}