{"id":4545,"date":"2020-06-17T09:31:28","date_gmt":"2020-06-17T09:31:28","guid":{"rendered":"https:\/\/highschool.studyinireland.ie\/?page_id=4545"},"modified":"2025-06-09T16:09:48","modified_gmt":"2025-06-09T16:09:48","slug":"nosso-time","status":"publish","type":"page","link":"https:\/\/highschool.studyinireland.ie\/pt\/our-team\/","title":{"rendered":"Nosso time"},"content":{"rendered":"<div class=\"wpb-content-wrapper\"><div class=\"vc_row wpb_row vc_row-fluid\"><div class=\"wpb_column vc_column_container vc_col-sm-12\"><div class=\"vc_column-inner\"><div class=\"wpb_wrapper\"><h1 style=\"text-align: left\" class=\"vc_custom_heading vc_do_custom_heading\" >Nosso time<\/h1>\n\t<div class=\"wpb_text_column wpb_content_element\" >\n\t\t<div class=\"wpb_wrapper\">\n\t\t\t<blockquote>\n<p style=\"text-align: justify;\">Conhe\u00e7a a equipe do Programa para Escolas de Ensino M\u00e9dio do ISI Dublin. Ganhamos o prestigioso pr\u00eamio Study Travel English Language School Europe Award quatro vezes - 2014, 2016, 2018 e 2020\/21. Como equipe, nos dedicamos a ser os melhores em tudo o que fazemos.<\/p>\n<\/blockquote>\n\n\t\t<\/div>\n\t<\/div>\n<\/div><\/div><\/div><\/div><div class=\"vc_row wpb_row vc_row-fluid\"><div class=\"wpb_column vc_column_container vc_col-sm-3\"><div class=\"vc_column-inner\"><div class=\"wpb_wrapper\">\n\t<div  class=\"wpb_single_image wpb_content_element vc_align_center wpb_content_element\">\n\t\t\n\t\t<figure class=\"wpb_wrapper vc_figure\">\n\t\t\t<div class=\"vc_single_image-wrapper   vc_box_border_grey\"><img decoding=\"async\" class=\"vc_single_image-img\" src=\"https:\/\/highschool.studyinireland.ie\/wp-content\/uploads\/Artboard-7-1-300x300.png\" width=\"300\" height=\"300\" alt=\"Prancheta-7\" title=\"Prancheta-7\" loading=\"lazy\" \/><\/div>\n\t\t<\/figure>\n\t<\/div>\n<\/div><\/div><\/div><div class=\"wpb_column vc_column_container vc_col-sm-9\"><div class=\"vc_column-inner\"><div class=\"wpb_wrapper\"><h6 style=\"text-align: left\" class=\"vc_custom_heading vc_do_custom_heading\" >Jennifer Diaz Green<\/h6>\n\t<div class=\"wpb_text_column wpb_content_element\" >\n\t\t<div class=\"wpb_wrapper\">\n\t\t\t<p style=\"text-align: justify;\">Jen Diaz Green est\u00e1 envolvida no ensino de ELT h\u00e1 mais de 20 anos, tanto na Argentina quanto na Irlanda. Ela \u00e9 formada em Ensino da L\u00edngua Inglesa na Argentina e tem mestrado em Educa\u00e7\u00e3o pela Trinity College Dublin. Foi professora de EFL, gerente acad\u00eamica, instrutora de professores e, mais recentemente, diretora de escola. Ela \u00e9 respons\u00e1vel pelos padr\u00f5es de qualidade, efic\u00e1cia operacional e lideran\u00e7a na empresa. Suas partes favoritas de seu trabalho s\u00e3o a forma\u00e7\u00e3o de equipes, as conex\u00f5es humanas e o bem-estar. Em seu tempo livre, Jen \u00e9 uma m\u00e3e ocupada de 2 filhos. Ela adora comida vegetariana e ioga.<\/p>\n\n\t\t<\/div>\n\t<\/div>\n<\/div><\/div><\/div><\/div><div class=\"vc_row wpb_row vc_row-fluid\"><div class=\"wpb_column vc_column_container vc_col-sm-3\"><div class=\"vc_column-inner\"><div class=\"wpb_wrapper\">\n\t<div  class=\"wpb_single_image wpb_content_element vc_align_center wpb_content_element\">\n\t\t\n\t\t<figure class=\"wpb_wrapper vc_figure\">\n\t\t\t<div class=\"vc_single_image-wrapper   vc_box_border_grey\"><img decoding=\"async\" class=\"vc_single_image-img\" src=\"https:\/\/highschool.studyinireland.ie\/wp-content\/uploads\/Profile-sarah-300x300.png\" width=\"300\" height=\"300\" alt=\"Perfil-sarah\" title=\"Perfil-sarah\" loading=\"lazy\" \/><\/div>\n\t\t<\/figure>\n\t<\/div>\n<\/div><\/div><\/div><div class=\"wpb_column vc_column_container vc_col-sm-9\"><div class=\"vc_column-inner\"><div class=\"wpb_wrapper\"><h6 style=\"text-align: left\" class=\"vc_custom_heading vc_do_custom_heading\" >Sarah McGovern<\/h6>\n\t<div class=\"wpb_text_column wpb_content_element\" >\n\t\t<div class=\"wpb_wrapper\">\n\t\t\t<p style=\"text-align: justify;\">Sarah est\u00e1 no ISI desde 2016. Antes disso, ela estudou L\u00ednguas Aplicadas e Estudos de Tradu\u00e7\u00e3o na Dublin City University. Ela estudou por um ano em uma universidade na Fran\u00e7a e depois passou um ano ensinando ingl\u00eas em uma escola de ensino m\u00e9dio no pa\u00eds. O pa\u00eds da Fran\u00e7a sempre ter\u00e1 um lugar especial em seu cora\u00e7\u00e3o, n\u00e3o apenas por causa da comida e do vinho! Em seguida, Sarah se mudou para Vancouver, no Canad\u00e1, onde passou dois anos trabalhando e explorando. Viajar \u00e9 uma grande parte da vida de Sarah, e ela se considera muito sortuda por ter viajado muito pela Europa, \u00c1sia e Am\u00e9rica do Norte. Sarah \u00e9 casada com Jay e tem uma filha pequena que gosta de fazer todo tipo de travessuras e manter os pais ocupados! Sua parte favorita do trabalho \u00e9 conhecer novas pessoas e abra\u00e7ar novas culturas.<\/p>\n\n\t\t<\/div>\n\t<\/div>\n<\/div><\/div><\/div><\/div><div class=\"vc_row wpb_row vc_row-fluid\"><div class=\"wpb_column vc_column_container vc_col-sm-3\"><div class=\"vc_column-inner\"><div class=\"wpb_wrapper\">\n\t<div  class=\"wpb_single_image wpb_content_element vc_align_center wpb_content_element\">\n\t\t\n\t\t<figure class=\"wpb_wrapper vc_figure\">\n\t\t\t<div class=\"vc_single_image-wrapper   vc_box_border_grey\"><img decoding=\"async\" class=\"vc_single_image-img\" src=\"https:\/\/highschool.studyinireland.ie\/wp-content\/uploads\/Artboard-19-300x300.png\" width=\"300\" height=\"300\" alt=\"Prancheta-19\" title=\"Prancheta-19\" loading=\"lazy\" \/><\/div>\n\t\t<\/figure>\n\t<\/div>\n<\/div><\/div><\/div><div class=\"wpb_column vc_column_container vc_col-sm-9\"><div class=\"vc_column-inner\"><div class=\"wpb_wrapper\"><h6 style=\"text-align: left\" class=\"vc_custom_heading vc_do_custom_heading\" >Michelle Barry Cashman<\/h6>\n\t<div class=\"wpb_text_column wpb_content_element\" >\n\t\t<div class=\"wpb_wrapper\">\n\t\t\t<p style=\"text-align: justify;\">Michelle ingressou na ISI em 2021 como Coordenadora de Ensino M\u00e9dio. Sua experi\u00eancia \u00e9 em gest\u00e3o de pessoas, treinamento, coaching e mentoria. Ela \u00e9 casada com Robert, tem duas filhas adolescentes, Eliza e Florence, al\u00e9m do cachorro \"Sid\". Ela trabalhou em v\u00e1rias fun\u00e7\u00f5es ao longo dos anos e, em 2012, criou um centro de recursos comunit\u00e1rio para pais e filhos, que foi um enorme sucesso at\u00e9 se tornar uma v\u00edtima da covid em 2020. Ela viajou muito e entende os desafios que os jovens estudantes enfrentam quando chegam a um novo pa\u00eds pela primeira vez, tendo sa\u00eddo de casa para trabalhar no exterior desde cedo. Seu objetivo \u00e9 garantir que os alunos do ISI tenham a melhor experi\u00eancia geral durante sua estada na Irlanda.<\/p>\n\n\t\t<\/div>\n\t<\/div>\n<\/div><\/div><\/div><\/div>\n<\/div>","protected":false},"excerpt":{"rendered":"Nossa equipe Conhe\u00e7a a equipe do Programa para Escolas de Ensino M\u00e9dio do ISI Dublin. Ganhamos o prestigioso pr\u00eamio Study Travel English Language School Europe Award quatro vezes - 2014, 2016, 2018 e 2020\/21. ...","protected":false},"author":1,"featured_media":5853,"parent":0,"menu_order":0,"comment_status":"closed","ping_status":"closed","template":"template-fullwidth.php","meta":{"_seopress_robots_primary_cat":"","_seopress_titles_title":"","_seopress_titles_desc":"","_seopress_robots_index":"yes","_seopress_analysis_target_kw":"","footnotes":""},"class_list":["post-4545","page","type-page","status-publish","has-post-thumbnail","hentry"],"_links":{"self":[{"href":"https:\/\/highschool.studyinireland.ie\/pt\/wp-json\/wp\/v2\/pages\/4545","targetHints":{"allow":["GET"]}}],"collection":[{"href":"https:\/\/highschool.studyinireland.ie\/pt\/wp-json\/wp\/v2\/pages"}],"about":[{"href":"https:\/\/highschool.studyinireland.ie\/pt\/wp-json\/wp\/v2\/types\/page"}],"author":[{"embeddable":true,"href":"https:\/\/highschool.studyinireland.ie\/pt\/wp-json\/wp\/v2\/users\/1"}],"replies":[{"embeddable":true,"href":"https:\/\/highschool.studyinireland.ie\/pt\/wp-json\/wp\/v2\/comments?post=4545"}],"version-history":[{"count":54,"href":"https:\/\/highschool.studyinireland.ie\/pt\/wp-json\/wp\/v2\/pages\/4545\/revisions"}],"predecessor-version":[{"id":19525,"href":"https:\/\/highschool.studyinireland.ie\/pt\/wp-json\/wp\/v2\/pages\/4545\/revisions\/19525"}],"wp:featuredmedia":[{"embeddable":true,"href":"https:\/\/highschool.studyinireland.ie\/pt\/wp-json\/wp\/v2\/media\/5853"}],"wp:attachment":[{"href":"https:\/\/highschool.studyinireland.ie\/pt\/wp-json\/wp\/v2\/media?parent=4545"}],"curies":[{"name":"wp","href":"https:\/\/api.w.org\/{rel}","templated":true}]}}