{"id":1329,"date":"2016-02-12T07:54:41","date_gmt":"2016-02-12T07:54:41","guid":{"rendered":"http:\/\/demos.famethemes.com\/onepress-plus\/?page_id=4"},"modified":"2024-07-04T11:59:48","modified_gmt":"2024-07-04T11:59:48","slug":"home-2","status":"publish","type":"page","link":"https:\/\/highschool.studyinireland.ie\/tr\/","title":{"rendered":"\u0130rlanda'da Lise"},"content":{"rendered":"<div class=\"wpb-content-wrapper\"><div class=\"vc_row wpb_row vc_row-fluid\"><div class=\"wpb_column vc_column_container vc_col-sm-12\"><div class=\"vc_column-inner\"><div class=\"wpb_wrapper\">\n\t<div class=\"wpb_text_column wpb_content_element\" >\n\t\t<div class=\"wpb_wrapper\">\n\t\t\t<h3>Vesayet program\u0131 \u0130rlanda<\/h3>\n<h3>Gen\u00e7 program\u0131 \u0130rlanda<\/h3>\n<h3>Gen\u00e7 de\u011fi\u015fim program\u0131<\/h3>\n<h3>\u0130rlanda'daki Okullar<\/h3>\n<h3>Okul de\u011fi\u015fim program\u0131<\/h3>\n<h3>Dublin'deki Orta\u00f6\u011fretim Okullar\u0131<\/h3>\n<h3>Uluslararas\u0131 de\u011fi\u015fim program\u0131<\/h3>\n<h3>De\u011fi\u015fim \u00f6\u011frencileri Dublin<\/h3>\n<h3>De\u011fi\u015fim \u00f6\u011frencileri \u0130rlanda<\/h3>\n<h3>\u0130rlanda'da E\u011fitim<\/h3>\n<h3>Okul ortakl\u0131klar\u0131<\/h3>\n<h3>\u0130rlanda'da ortaokul<\/h3>\n<h3>Lise de\u011fi\u015fim program\u0131<\/h3>\n<h3>Yerle\u015ftirme ve Vesayet hizmetleri<\/h3>\n\n\t\t<\/div>\n\t<\/div>\n<h1 style=\"text-align: left;font-family:Abril Fatface;font-weight:400;font-style:normal\" class=\"vc_custom_heading vc_do_custom_heading\" >Dublin'de lise<\/h1><h2 style=\"text-align: left;font-family:Abril Fatface;font-weight:400;font-style:normal\" class=\"vc_custom_heading vc_do_custom_heading\" >\u0130rlanda'da Lise<\/h2><\/div><\/div><\/div><\/div><div class=\"vc_row wpb_row vc_row-fluid\"><div class=\"wpb_column vc_column_container vc_col-sm-12\"><div class=\"vc_column-inner\"><div class=\"wpb_wrapper\">\n\t<div class=\"wpb_text_column wpb_content_element\" >\n\t\t<div class=\"wpb_wrapper\">\n\t\t\t<h2>\u0130rlanda'da Lise<\/h2>\n\n\t\t<\/div>\n\t<\/div>\n\n\t<div class=\"wpb_text_column wpb_content_element\" >\n\t\t<div class=\"wpb_wrapper\">\n\t\t\t<h1>Dublin'de lise<\/h1>\n\n\t\t<\/div>\n\t<\/div>\n<\/div><\/div><\/div><\/div>\n<\/div>","protected":false},"excerpt":{"rendered":"Vesayet program\u0131 \u0130rlanda Gen\u00e7 program\u0131 \u0130rlanda Gen\u00e7 de\u011fi\u015fim program\u0131 \u0130rlanda'daki okullar Okul de\u011fi\u015fim program\u0131 Dublin'deki ortaokullar Uluslararas\u0131 de\u011fi\u015fim program\u0131 De\u011fi\u015fim \u00f6\u011frencileri Dublin De\u011fi\u015fim \u00f6\u011frencileri \u0130rlanda ...","protected":false},"author":1,"featured_media":6530,"parent":0,"menu_order":0,"comment_status":"closed","ping_status":"closed","template":"template-frontpage.php","meta":{"_seopress_robots_primary_cat":"","_seopress_titles_title":"High School in Ireland %%sep%% Placement and guardianship service","_seopress_titles_desc":"We offer placement and guardianship services to overseas students in a large number of both private and public schools in Dublin and throughout Ireland.","_seopress_robots_index":"","footnotes":""},"class_list":["post-1329","page","type-page","status-publish","has-post-thumbnail","hentry"],"_links":{"self":[{"href":"https:\/\/highschool.studyinireland.ie\/tr\/wp-json\/wp\/v2\/pages\/1329","targetHints":{"allow":["GET"]}}],"collection":[{"href":"https:\/\/highschool.studyinireland.ie\/tr\/wp-json\/wp\/v2\/pages"}],"about":[{"href":"https:\/\/highschool.studyinireland.ie\/tr\/wp-json\/wp\/v2\/types\/page"}],"author":[{"embeddable":true,"href":"https:\/\/highschool.studyinireland.ie\/tr\/wp-json\/wp\/v2\/users\/1"}],"replies":[{"embeddable":true,"href":"https:\/\/highschool.studyinireland.ie\/tr\/wp-json\/wp\/v2\/comments?post=1329"}],"version-history":[{"count":20,"href":"https:\/\/highschool.studyinireland.ie\/tr\/wp-json\/wp\/v2\/pages\/1329\/revisions"}],"predecessor-version":[{"id":18958,"href":"https:\/\/highschool.studyinireland.ie\/tr\/wp-json\/wp\/v2\/pages\/1329\/revisions\/18958"}],"wp:featuredmedia":[{"embeddable":true,"href":"https:\/\/highschool.studyinireland.ie\/tr\/wp-json\/wp\/v2\/media\/6530"}],"wp:attachment":[{"href":"https:\/\/highschool.studyinireland.ie\/tr\/wp-json\/wp\/v2\/media?parent=1329"}],"curies":[{"name":"wp","href":"https:\/\/api.w.org\/{rel}","templated":true}]}}